{"id":76,"date":"2017-04-20T11:35:34","date_gmt":"2017-04-20T09:35:34","guid":{"rendered":"http:\/\/new.wnm.be\/?page_id=76"},"modified":"2020-06-09T10:04:54","modified_gmt":"2020-06-09T08:04:54","slug":"equipement","status":"publish","type":"page","link":"https:\/\/wnm.be\/fr\/equipement\/","title":{"rendered":"Equipement"},"content":{"rendered":"<p>WNM dispose d\u2019un large parc de mat\u00e9riel AV professionnel op\u00e9rationnel.<\/p>\n<p>Plus qu\u2019une simple location, nous vous proposons une assistance technique vous permettant\u00a0d\u2019optimiser votre exp\u00e9rience en tant qu\u2019utilisateur.<\/p>\n<p>Nous vous proposons des solutions personnalis\u00e9es selon votre type d\u2019\u00e9v\u00e9nement et vos besoins en audio, image, \u00e9clairage et sc\u00e9nographie..<br \/>\nNous vous invitons \u00e0 consulter notre page <a href=\"\/?equipment_category=location\">location<\/a> pour plus d\u2019informations.<\/p>\n<p>&nbsp;<\/p>\n<p style=\"padding-left: 90px;\">WNM vend et distribue toute une s\u00e9rie d\u2019\u00e9quipements audiovisuels \u00e0 destination des professionnels mais aussi des particuliers.<\/p>\n<p style=\"padding-left: 90px;\">Notre \u00e9quipe d\u2019experts\u00a0est pr\u00eate \u00e0 vous conseiller la meilleure solution selon vos besoins sp\u00e9cifiques.<br \/>\nNous vous aidons \u00e0 poser les meilleurs choix en fonction des propositions du march\u00e9.<\/p>\n<p style=\"padding-left: 90px;\">Veuillez consulter notre page <a href=\"\/?equipment_category=vente\">vente <\/a>pour plus d\u2019informations.<\/p>\n","protected":false},"excerpt":{"rendered":"<p>WNM dispose d\u2019un large parc de mat\u00e9riel AV professionnel op\u00e9rationnel. Plus qu\u2019une simple location, nous vous proposons une assistance technique vous permettant\u00a0d\u2019optimiser votre exp\u00e9rience en tant qu\u2019utilisateur. Nous vous proposons des solutions personnalis\u00e9es selon votre type d\u2019\u00e9v\u00e9nement et vos besoins en audio, image, \u00e9clairage et sc\u00e9nographie.. Nous vous invitons \u00e0 consulter notre page location pour [&hellip;]<\/p>\n","protected":false},"author":1,"featured_media":0,"parent":0,"menu_order":3,"comment_status":"closed","ping_status":"closed","template":"page_services.php","meta":{"_acf_changed":false,"footnotes":""},"class_list":["post-76","page","type-page","status-publish","hentry"],"acf":[],"yoast_head":"<!-- This site is optimized with the Yoast SEO plugin v26.7 - https:\/\/yoast.com\/wordpress\/plugins\/seo\/ -->\n<title>Equipement audiovisuel - WNM<\/title>\n<meta name=\"description\" content=\"WNM propose des \u00e9quipements pro audiovisuel disponibles \u00e0 la location, vente et en seconde main.\" \/>\n<meta name=\"robots\" content=\"index, follow, max-snippet:-1, max-image-preview:large, max-video-preview:-1\" \/>\n<link rel=\"canonical\" href=\"https:\/\/wnm.be\/fr\/equipement\/\" \/>\n<meta property=\"og:locale\" content=\"fr_FR\" \/>\n<meta property=\"og:type\" content=\"article\" \/>\n<meta property=\"og:title\" content=\"Equipement audiovisuel - WNM\" \/>\n<meta property=\"og:description\" content=\"WNM propose des \u00e9quipements pro audiovisuel disponibles \u00e0 la location, vente et en seconde main.\" \/>\n<meta property=\"og:url\" content=\"https:\/\/wnm.be\/fr\/equipement\/\" \/>\n<meta property=\"og:site_name\" content=\"WNM\" \/>\n<meta property=\"article:modified_time\" content=\"2020-06-09T08:04:54+00:00\" \/>\n<meta name=\"twitter:card\" content=\"summary_large_image\" \/>\n<meta name=\"twitter:label1\" content=\"Dur\u00e9e de lecture estim\u00e9e\" \/>\n\t<meta name=\"twitter:data1\" content=\"1 minute\" \/>\n<script type=\"application\/ld+json\" class=\"yoast-schema-graph\">{\"@context\":\"https:\/\/schema.org\",\"@graph\":[{\"@type\":\"WebPage\",\"@id\":\"https:\/\/wnm.be\/fr\/equipement\/\",\"url\":\"https:\/\/wnm.be\/fr\/equipement\/\",\"name\":\"Equipement audiovisuel - WNM\",\"isPartOf\":{\"@id\":\"https:\/\/wnm.be\/fr\/#website\"},\"datePublished\":\"2017-04-20T09:35:34+00:00\",\"dateModified\":\"2020-06-09T08:04:54+00:00\",\"description\":\"WNM propose des \u00e9quipements pro audiovisuel disponibles \u00e0 la location, vente et en seconde main.\",\"breadcrumb\":{\"@id\":\"https:\/\/wnm.be\/fr\/equipement\/#breadcrumb\"},\"inLanguage\":\"fr-FR\",\"potentialAction\":[{\"@type\":\"ReadAction\",\"target\":[\"https:\/\/wnm.be\/fr\/equipement\/\"]}]},{\"@type\":\"BreadcrumbList\",\"@id\":\"https:\/\/wnm.be\/fr\/equipement\/#breadcrumb\",\"itemListElement\":[{\"@type\":\"ListItem\",\"position\":1,\"name\":\"Accueil\",\"item\":\"https:\/\/wnm.be\/fr\/\"},{\"@type\":\"ListItem\",\"position\":2,\"name\":\"Equipement\"}]},{\"@type\":\"WebSite\",\"@id\":\"https:\/\/wnm.be\/fr\/#website\",\"url\":\"https:\/\/wnm.be\/fr\/\",\"name\":\"WNM\",\"description\":\"\",\"potentialAction\":[{\"@type\":\"SearchAction\",\"target\":{\"@type\":\"EntryPoint\",\"urlTemplate\":\"https:\/\/wnm.be\/fr\/?s={search_term_string}\"},\"query-input\":{\"@type\":\"PropertyValueSpecification\",\"valueRequired\":true,\"valueName\":\"search_term_string\"}}],\"inLanguage\":\"fr-FR\"}]}<\/script>\n<!-- \/ Yoast SEO plugin. -->","yoast_head_json":{"title":"Equipement audiovisuel - WNM","description":"WNM propose des \u00e9quipements pro audiovisuel disponibles \u00e0 la location, vente et en seconde main.","robots":{"index":"index","follow":"follow","max-snippet":"max-snippet:-1","max-image-preview":"max-image-preview:large","max-video-preview":"max-video-preview:-1"},"canonical":"https:\/\/wnm.be\/fr\/equipement\/","og_locale":"fr_FR","og_type":"article","og_title":"Equipement audiovisuel - WNM","og_description":"WNM propose des \u00e9quipements pro audiovisuel disponibles \u00e0 la location, vente et en seconde main.","og_url":"https:\/\/wnm.be\/fr\/equipement\/","og_site_name":"WNM","article_modified_time":"2020-06-09T08:04:54+00:00","twitter_card":"summary_large_image","twitter_misc":{"Dur\u00e9e de lecture estim\u00e9e":"1 minute"},"schema":{"@context":"https:\/\/schema.org","@graph":[{"@type":"WebPage","@id":"https:\/\/wnm.be\/fr\/equipement\/","url":"https:\/\/wnm.be\/fr\/equipement\/","name":"Equipement audiovisuel - WNM","isPartOf":{"@id":"https:\/\/wnm.be\/fr\/#website"},"datePublished":"2017-04-20T09:35:34+00:00","dateModified":"2020-06-09T08:04:54+00:00","description":"WNM propose des \u00e9quipements pro audiovisuel disponibles \u00e0 la location, vente et en seconde main.","breadcrumb":{"@id":"https:\/\/wnm.be\/fr\/equipement\/#breadcrumb"},"inLanguage":"fr-FR","potentialAction":[{"@type":"ReadAction","target":["https:\/\/wnm.be\/fr\/equipement\/"]}]},{"@type":"BreadcrumbList","@id":"https:\/\/wnm.be\/fr\/equipement\/#breadcrumb","itemListElement":[{"@type":"ListItem","position":1,"name":"Accueil","item":"https:\/\/wnm.be\/fr\/"},{"@type":"ListItem","position":2,"name":"Equipement"}]},{"@type":"WebSite","@id":"https:\/\/wnm.be\/fr\/#website","url":"https:\/\/wnm.be\/fr\/","name":"WNM","description":"","potentialAction":[{"@type":"SearchAction","target":{"@type":"EntryPoint","urlTemplate":"https:\/\/wnm.be\/fr\/?s={search_term_string}"},"query-input":{"@type":"PropertyValueSpecification","valueRequired":true,"valueName":"search_term_string"}}],"inLanguage":"fr-FR"}]}},"_links":{"self":[{"href":"https:\/\/wnm.be\/fr\/wp-json\/wp\/v2\/pages\/76","targetHints":{"allow":["GET"]}}],"collection":[{"href":"https:\/\/wnm.be\/fr\/wp-json\/wp\/v2\/pages"}],"about":[{"href":"https:\/\/wnm.be\/fr\/wp-json\/wp\/v2\/types\/page"}],"author":[{"embeddable":true,"href":"https:\/\/wnm.be\/fr\/wp-json\/wp\/v2\/users\/1"}],"replies":[{"embeddable":true,"href":"https:\/\/wnm.be\/fr\/wp-json\/wp\/v2\/comments?post=76"}],"version-history":[{"count":20,"href":"https:\/\/wnm.be\/fr\/wp-json\/wp\/v2\/pages\/76\/revisions"}],"predecessor-version":[{"id":2136,"href":"https:\/\/wnm.be\/fr\/wp-json\/wp\/v2\/pages\/76\/revisions\/2136"}],"wp:attachment":[{"href":"https:\/\/wnm.be\/fr\/wp-json\/wp\/v2\/media?parent=76"}],"curies":[{"name":"wp","href":"https:\/\/api.w.org\/{rel}","templated":true}]}}