{"id":6,"date":"2017-04-19T16:48:49","date_gmt":"2017-04-19T14:48:49","guid":{"rendered":"http:\/\/new.wnm.be\/?page_id=6"},"modified":"2025-01-23T12:45:16","modified_gmt":"2025-01-23T11:45:16","slug":"accueil","status":"publish","type":"page","link":"https:\/\/wnm.be\/fr\/","title":{"rendered":"Accueil"},"content":{"rendered":"<p>WNM met \u00e0 votre service 30 ann\u00e9es d\u2019exp\u00e9rience dans le milieu de l\u2019audiovisuel et ce dans divers domaines.<\/p>\n<ul>\n<li>Retranscription de r\u00e9unions en temps r\u00e9el en \u00ab\u00a0Edge Computing\u00a0\u00bb (d\u00e9connect\u00e9 du cloud)<\/li>\n<li>Prise de son en multi cam\u00e9ras d\u2019\u00e9v\u00e9nements sportifs, shows TV, concerts\u2026<\/li>\n<li>Captations ENG<\/li>\n<li>Syst\u00e8mes d\u2019interphonie (analogique, num\u00e9rique, HF\u2026)<\/li>\n<li>Liaisons HF de longue port\u00e9e \/ Transmissions HF<\/li>\n<li>Int\u00e9gration<\/li>\n<li>Consultance et formation<\/li>\n<li>Location &#8211; Vente<\/li>\n<li>Services d\u00e9di\u00e9s \u00e0 l&rsquo;\u00e9v\u00e9nementiel<\/li>\n<\/ul>\n<p>Une \u00e9quipe performante, pluridisciplinaire, disponible et soud\u00e9e assure un service de qualit\u00e9 lors de prestations audiovisuelles vari\u00e9es.<\/p>\n","protected":false},"excerpt":{"rendered":"<p>WNM met \u00e0 votre service 30 ann\u00e9es d\u2019exp\u00e9rience dans le milieu de l\u2019audiovisuel et ce dans divers domaines. Retranscription de r\u00e9unions en temps r\u00e9el en \u00ab\u00a0Edge Computing\u00a0\u00bb (d\u00e9connect\u00e9 du cloud) Prise de son en multi cam\u00e9ras d\u2019\u00e9v\u00e9nements sportifs, shows TV, concerts\u2026 Captations ENG Syst\u00e8mes d\u2019interphonie (analogique, num\u00e9rique, HF\u2026) Liaisons HF de longue port\u00e9e \/ Transmissions [&hellip;]<\/p>\n","protected":false},"author":1,"featured_media":0,"parent":0,"menu_order":1,"comment_status":"closed","ping_status":"closed","template":"","meta":{"_acf_changed":false,"footnotes":""},"class_list":["post-6","page","type-page","status-publish","hentry"],"acf":[],"yoast_head":"<!-- This site is optimized with the Yoast SEO plugin v26.7 - https:\/\/yoast.com\/wordpress\/plugins\/seo\/ -->\n<title>WNM - Audiovisual Solutions<\/title>\n<meta name=\"description\" content=\"WNM met \u00e0 votre service 20 ann\u00e9es d\u2019exp\u00e9rience dans le milieu de l\u2019audiovisuel. Prise de son, formation, consultance, int\u00e9gration, location, vente ...\" \/>\n<meta name=\"robots\" content=\"index, follow, max-snippet:-1, max-image-preview:large, max-video-preview:-1\" \/>\n<link rel=\"canonical\" href=\"https:\/\/wnm.be\/fr\/\" \/>\n<meta property=\"og:locale\" content=\"fr_FR\" \/>\n<meta property=\"og:type\" content=\"article\" \/>\n<meta property=\"og:title\" content=\"WNM - Audiovisual Solutions\" \/>\n<meta property=\"og:description\" content=\"WNM met \u00e0 votre service 20 ann\u00e9es d\u2019exp\u00e9rience dans le milieu de l\u2019audiovisuel. Prise de son, formation, consultance, int\u00e9gration, location, vente ...\" \/>\n<meta property=\"og:url\" content=\"https:\/\/wnm.be\/fr\/\" \/>\n<meta property=\"og:site_name\" content=\"WNM\" \/>\n<meta property=\"article:modified_time\" content=\"2025-01-23T11:45:16+00:00\" \/>\n<meta name=\"twitter:card\" content=\"summary_large_image\" \/>\n<meta name=\"twitter:label1\" content=\"Dur\u00e9e de lecture estim\u00e9e\" \/>\n\t<meta name=\"twitter:data1\" content=\"1 minute\" \/>\n<script type=\"application\/ld+json\" class=\"yoast-schema-graph\">{\"@context\":\"https:\/\/schema.org\",\"@graph\":[{\"@type\":\"WebPage\",\"@id\":\"https:\/\/wnm.be\/fr\/\",\"url\":\"https:\/\/wnm.be\/fr\/\",\"name\":\"WNM - Audiovisual Solutions\",\"isPartOf\":{\"@id\":\"https:\/\/wnm.be\/fr\/#website\"},\"datePublished\":\"2017-04-19T14:48:49+00:00\",\"dateModified\":\"2025-01-23T11:45:16+00:00\",\"description\":\"WNM met \u00e0 votre service 20 ann\u00e9es d\u2019exp\u00e9rience dans le milieu de l\u2019audiovisuel. Prise de son, formation, consultance, int\u00e9gration, location, vente ...\",\"breadcrumb\":{\"@id\":\"https:\/\/wnm.be\/fr\/#breadcrumb\"},\"inLanguage\":\"fr-FR\",\"potentialAction\":[{\"@type\":\"ReadAction\",\"target\":[\"https:\/\/wnm.be\/fr\/\"]}]},{\"@type\":\"BreadcrumbList\",\"@id\":\"https:\/\/wnm.be\/fr\/#breadcrumb\",\"itemListElement\":[{\"@type\":\"ListItem\",\"position\":1,\"name\":\"Accueil\",\"item\":\"https:\/\/wnm.be\/fr\/\"},{\"@type\":\"ListItem\",\"position\":2,\"name\":\"Accueil\"}]},{\"@type\":\"WebSite\",\"@id\":\"https:\/\/wnm.be\/fr\/#website\",\"url\":\"https:\/\/wnm.be\/fr\/\",\"name\":\"WNM\",\"description\":\"\",\"potentialAction\":[{\"@type\":\"SearchAction\",\"target\":{\"@type\":\"EntryPoint\",\"urlTemplate\":\"https:\/\/wnm.be\/fr\/?s={search_term_string}\"},\"query-input\":{\"@type\":\"PropertyValueSpecification\",\"valueRequired\":true,\"valueName\":\"search_term_string\"}}],\"inLanguage\":\"fr-FR\"}]}<\/script>\n<!-- \/ Yoast SEO plugin. -->","yoast_head_json":{"title":"WNM - Audiovisual Solutions","description":"WNM met \u00e0 votre service 20 ann\u00e9es d\u2019exp\u00e9rience dans le milieu de l\u2019audiovisuel. Prise de son, formation, consultance, int\u00e9gration, location, vente ...","robots":{"index":"index","follow":"follow","max-snippet":"max-snippet:-1","max-image-preview":"max-image-preview:large","max-video-preview":"max-video-preview:-1"},"canonical":"https:\/\/wnm.be\/fr\/","og_locale":"fr_FR","og_type":"article","og_title":"WNM - Audiovisual Solutions","og_description":"WNM met \u00e0 votre service 20 ann\u00e9es d\u2019exp\u00e9rience dans le milieu de l\u2019audiovisuel. Prise de son, formation, consultance, int\u00e9gration, location, vente ...","og_url":"https:\/\/wnm.be\/fr\/","og_site_name":"WNM","article_modified_time":"2025-01-23T11:45:16+00:00","twitter_card":"summary_large_image","twitter_misc":{"Dur\u00e9e de lecture estim\u00e9e":"1 minute"},"schema":{"@context":"https:\/\/schema.org","@graph":[{"@type":"WebPage","@id":"https:\/\/wnm.be\/fr\/","url":"https:\/\/wnm.be\/fr\/","name":"WNM - Audiovisual Solutions","isPartOf":{"@id":"https:\/\/wnm.be\/fr\/#website"},"datePublished":"2017-04-19T14:48:49+00:00","dateModified":"2025-01-23T11:45:16+00:00","description":"WNM met \u00e0 votre service 20 ann\u00e9es d\u2019exp\u00e9rience dans le milieu de l\u2019audiovisuel. Prise de son, formation, consultance, int\u00e9gration, location, vente ...","breadcrumb":{"@id":"https:\/\/wnm.be\/fr\/#breadcrumb"},"inLanguage":"fr-FR","potentialAction":[{"@type":"ReadAction","target":["https:\/\/wnm.be\/fr\/"]}]},{"@type":"BreadcrumbList","@id":"https:\/\/wnm.be\/fr\/#breadcrumb","itemListElement":[{"@type":"ListItem","position":1,"name":"Accueil","item":"https:\/\/wnm.be\/fr\/"},{"@type":"ListItem","position":2,"name":"Accueil"}]},{"@type":"WebSite","@id":"https:\/\/wnm.be\/fr\/#website","url":"https:\/\/wnm.be\/fr\/","name":"WNM","description":"","potentialAction":[{"@type":"SearchAction","target":{"@type":"EntryPoint","urlTemplate":"https:\/\/wnm.be\/fr\/?s={search_term_string}"},"query-input":{"@type":"PropertyValueSpecification","valueRequired":true,"valueName":"search_term_string"}}],"inLanguage":"fr-FR"}]}},"_links":{"self":[{"href":"https:\/\/wnm.be\/fr\/wp-json\/wp\/v2\/pages\/6","targetHints":{"allow":["GET"]}}],"collection":[{"href":"https:\/\/wnm.be\/fr\/wp-json\/wp\/v2\/pages"}],"about":[{"href":"https:\/\/wnm.be\/fr\/wp-json\/wp\/v2\/types\/page"}],"author":[{"embeddable":true,"href":"https:\/\/wnm.be\/fr\/wp-json\/wp\/v2\/users\/1"}],"replies":[{"embeddable":true,"href":"https:\/\/wnm.be\/fr\/wp-json\/wp\/v2\/comments?post=6"}],"version-history":[{"count":11,"href":"https:\/\/wnm.be\/fr\/wp-json\/wp\/v2\/pages\/6\/revisions"}],"predecessor-version":[{"id":2515,"href":"https:\/\/wnm.be\/fr\/wp-json\/wp\/v2\/pages\/6\/revisions\/2515"}],"wp:attachment":[{"href":"https:\/\/wnm.be\/fr\/wp-json\/wp\/v2\/media?parent=6"}],"curies":[{"name":"wp","href":"https:\/\/api.w.org\/{rel}","templated":true}]}}