{"id":53,"date":"2017-04-20T10:39:55","date_gmt":"2017-04-20T08:39:55","guid":{"rendered":"http:\/\/new.wnm.be\/?page_id=53"},"modified":"2017-10-04T14:13:21","modified_gmt":"2017-10-04T12:13:21","slug":"integration","status":"publish","type":"page","link":"https:\/\/wnm.be\/fr\/integration\/","title":{"rendered":"Int\u00e9gration"},"content":{"rendered":"<p>Nous concevons, installons et g\u00e9rons des infrastructures techniques telles que studios TV et radio, r\u00e9gies fixes ou mobiles.<\/p>\n<p>Notre structure polyvalente nous permet de g\u00e9rer un chantier depuis l\u2019<strong>\u00e9tude jusqu\u2019\u00e0\u00a0l\u2019exploitation<\/strong>\u00a0en passant par le dessin technique, les travaux de gros-\u0153uvre et parach\u00e8vements, le c\u00e2blage, l\u2019installation des machines, la formation du personnel, le suivi de l\u2019exploitation et la maintenance.<\/p>\n<p>Selon vos d\u00e9sid\u00e9ratas, nous prenons en charge un <strong>projet complet<\/strong> depuis sa conception jusqu\u2019\u00e0 la r\u00e9ception.<\/p>\n<p>Nous vous conseillons \u00e9galement sur la qualit\u00e9 acoustique d\u2019un lieu et mettons en \u0153uvre un traitement adapt\u00e9 \u00e0 son exploitation en fonction de tous les param\u00e8tres et toutes les contraintes.<\/p>\n<p>Nous collaborons \u00e9troitement avec nos clients pour saisir leurs besoins exacts et \u00e9laborer ensemble le workflow le plus appropri\u00e9.<\/p>\n<p>&nbsp;<\/p>\n<p style=\"padding-left: 90px;\">WNM fournit un service d\u2019int\u00e9gration \u00e0 destination des<strong> entreprises<\/strong> et des collectivit\u00e9s pour leurs salles de r\u00e9unions, auditoriums, salles de visioconf\u00e9rences, espaces d\u2019accueil, salles de spectacles.<\/p>\n<p style=\"padding-left: 90px;\">Nous <strong>optimisons<\/strong> vos espaces selon vos besoins audiovisuels en y int\u00e9grant la technologie souhait\u00e9e\u00a0: mat\u00e9riels de diffusion, signalisation digitale, projecteurs, domotique, automatisation, sonorisation.<\/p>\n<p>&nbsp;<\/p>\n","protected":false},"excerpt":{"rendered":"<p>Nous concevons, installons et g\u00e9rons des infrastructures techniques telles que studios TV et radio, r\u00e9gies fixes ou mobiles. Notre structure polyvalente nous permet de g\u00e9rer un chantier depuis l\u2019\u00e9tude jusqu\u2019\u00e0\u00a0l\u2019exploitation\u00a0en passant par le dessin technique, les travaux de gros-\u0153uvre et parach\u00e8vements, le c\u00e2blage, l\u2019installation des machines, la formation du personnel, le suivi de l\u2019exploitation et [&hellip;]<\/p>\n","protected":false},"author":1,"featured_media":86,"parent":0,"menu_order":7,"comment_status":"closed","ping_status":"closed","template":"page_services.php","meta":{"_acf_changed":false,"footnotes":""},"class_list":["post-53","page","type-page","status-publish","has-post-thumbnail","hentry"],"acf":[],"yoast_head":"<!-- This site is optimized with the Yoast SEO plugin v26.7 - https:\/\/yoast.com\/wordpress\/plugins\/seo\/ -->\n<title>Int\u00e9gration - WNM<\/title>\n<meta name=\"robots\" content=\"index, follow, max-snippet:-1, max-image-preview:large, max-video-preview:-1\" \/>\n<link rel=\"canonical\" href=\"https:\/\/wnm.be\/fr\/integration\/\" \/>\n<meta property=\"og:locale\" content=\"fr_FR\" \/>\n<meta property=\"og:type\" content=\"article\" \/>\n<meta property=\"og:title\" content=\"Int\u00e9gration - WNM\" \/>\n<meta property=\"og:description\" content=\"Nous concevons, installons et g\u00e9rons des infrastructures techniques telles que studios TV et radio, r\u00e9gies fixes ou mobiles. Notre structure polyvalente nous permet de g\u00e9rer un chantier depuis l\u2019\u00e9tude jusqu\u2019\u00e0\u00a0l\u2019exploitation\u00a0en passant par le dessin technique, les travaux de gros-\u0153uvre et parach\u00e8vements, le c\u00e2blage, l\u2019installation des machines, la formation du personnel, le suivi de l\u2019exploitation et [&hellip;]\" \/>\n<meta property=\"og:url\" content=\"https:\/\/wnm.be\/fr\/integration\/\" \/>\n<meta property=\"og:site_name\" content=\"WNM\" \/>\n<meta property=\"article:modified_time\" content=\"2017-10-04T12:13:21+00:00\" \/>\n<meta property=\"og:image\" content=\"https:\/\/wnm.be\/wp-content\/uploads\/2017\/04\/wnm_integration.jpg\" \/>\n\t<meta property=\"og:image:width\" content=\"366\" \/>\n\t<meta property=\"og:image:height\" content=\"365\" \/>\n\t<meta property=\"og:image:type\" content=\"image\/jpeg\" \/>\n<meta name=\"twitter:card\" content=\"summary_large_image\" \/>\n<meta name=\"twitter:label1\" content=\"Dur\u00e9e de lecture estim\u00e9e\" \/>\n\t<meta name=\"twitter:data1\" content=\"1 minute\" \/>\n<script type=\"application\/ld+json\" class=\"yoast-schema-graph\">{\"@context\":\"https:\/\/schema.org\",\"@graph\":[{\"@type\":\"WebPage\",\"@id\":\"https:\/\/wnm.be\/fr\/integration\/\",\"url\":\"https:\/\/wnm.be\/fr\/integration\/\",\"name\":\"Int\u00e9gration - WNM\",\"isPartOf\":{\"@id\":\"https:\/\/wnm.be\/fr\/#website\"},\"primaryImageOfPage\":{\"@id\":\"https:\/\/wnm.be\/fr\/integration\/#primaryimage\"},\"image\":{\"@id\":\"https:\/\/wnm.be\/fr\/integration\/#primaryimage\"},\"thumbnailUrl\":\"https:\/\/wnm.be\/wp-content\/uploads\/2017\/04\/wnm_integration.jpg\",\"datePublished\":\"2017-04-20T08:39:55+00:00\",\"dateModified\":\"2017-10-04T12:13:21+00:00\",\"breadcrumb\":{\"@id\":\"https:\/\/wnm.be\/fr\/integration\/#breadcrumb\"},\"inLanguage\":\"fr-FR\",\"potentialAction\":[{\"@type\":\"ReadAction\",\"target\":[\"https:\/\/wnm.be\/fr\/integration\/\"]}]},{\"@type\":\"ImageObject\",\"inLanguage\":\"fr-FR\",\"@id\":\"https:\/\/wnm.be\/fr\/integration\/#primaryimage\",\"url\":\"https:\/\/wnm.be\/wp-content\/uploads\/2017\/04\/wnm_integration.jpg\",\"contentUrl\":\"https:\/\/wnm.be\/wp-content\/uploads\/2017\/04\/wnm_integration.jpg\",\"width\":366,\"height\":365},{\"@type\":\"BreadcrumbList\",\"@id\":\"https:\/\/wnm.be\/fr\/integration\/#breadcrumb\",\"itemListElement\":[{\"@type\":\"ListItem\",\"position\":1,\"name\":\"Accueil\",\"item\":\"https:\/\/wnm.be\/fr\/\"},{\"@type\":\"ListItem\",\"position\":2,\"name\":\"Int\u00e9gration\"}]},{\"@type\":\"WebSite\",\"@id\":\"https:\/\/wnm.be\/fr\/#website\",\"url\":\"https:\/\/wnm.be\/fr\/\",\"name\":\"WNM\",\"description\":\"\",\"potentialAction\":[{\"@type\":\"SearchAction\",\"target\":{\"@type\":\"EntryPoint\",\"urlTemplate\":\"https:\/\/wnm.be\/fr\/?s={search_term_string}\"},\"query-input\":{\"@type\":\"PropertyValueSpecification\",\"valueRequired\":true,\"valueName\":\"search_term_string\"}}],\"inLanguage\":\"fr-FR\"}]}<\/script>\n<!-- \/ Yoast SEO plugin. -->","yoast_head_json":{"title":"Int\u00e9gration - WNM","robots":{"index":"index","follow":"follow","max-snippet":"max-snippet:-1","max-image-preview":"max-image-preview:large","max-video-preview":"max-video-preview:-1"},"canonical":"https:\/\/wnm.be\/fr\/integration\/","og_locale":"fr_FR","og_type":"article","og_title":"Int\u00e9gration - WNM","og_description":"Nous concevons, installons et g\u00e9rons des infrastructures techniques telles que studios TV et radio, r\u00e9gies fixes ou mobiles. Notre structure polyvalente nous permet de g\u00e9rer un chantier depuis l\u2019\u00e9tude jusqu\u2019\u00e0\u00a0l\u2019exploitation\u00a0en passant par le dessin technique, les travaux de gros-\u0153uvre et parach\u00e8vements, le c\u00e2blage, l\u2019installation des machines, la formation du personnel, le suivi de l\u2019exploitation et [&hellip;]","og_url":"https:\/\/wnm.be\/fr\/integration\/","og_site_name":"WNM","article_modified_time":"2017-10-04T12:13:21+00:00","og_image":[{"width":366,"height":365,"url":"https:\/\/wnm.be\/wp-content\/uploads\/2017\/04\/wnm_integration.jpg","type":"image\/jpeg"}],"twitter_card":"summary_large_image","twitter_misc":{"Dur\u00e9e de lecture estim\u00e9e":"1 minute"},"schema":{"@context":"https:\/\/schema.org","@graph":[{"@type":"WebPage","@id":"https:\/\/wnm.be\/fr\/integration\/","url":"https:\/\/wnm.be\/fr\/integration\/","name":"Int\u00e9gration - WNM","isPartOf":{"@id":"https:\/\/wnm.be\/fr\/#website"},"primaryImageOfPage":{"@id":"https:\/\/wnm.be\/fr\/integration\/#primaryimage"},"image":{"@id":"https:\/\/wnm.be\/fr\/integration\/#primaryimage"},"thumbnailUrl":"https:\/\/wnm.be\/wp-content\/uploads\/2017\/04\/wnm_integration.jpg","datePublished":"2017-04-20T08:39:55+00:00","dateModified":"2017-10-04T12:13:21+00:00","breadcrumb":{"@id":"https:\/\/wnm.be\/fr\/integration\/#breadcrumb"},"inLanguage":"fr-FR","potentialAction":[{"@type":"ReadAction","target":["https:\/\/wnm.be\/fr\/integration\/"]}]},{"@type":"ImageObject","inLanguage":"fr-FR","@id":"https:\/\/wnm.be\/fr\/integration\/#primaryimage","url":"https:\/\/wnm.be\/wp-content\/uploads\/2017\/04\/wnm_integration.jpg","contentUrl":"https:\/\/wnm.be\/wp-content\/uploads\/2017\/04\/wnm_integration.jpg","width":366,"height":365},{"@type":"BreadcrumbList","@id":"https:\/\/wnm.be\/fr\/integration\/#breadcrumb","itemListElement":[{"@type":"ListItem","position":1,"name":"Accueil","item":"https:\/\/wnm.be\/fr\/"},{"@type":"ListItem","position":2,"name":"Int\u00e9gration"}]},{"@type":"WebSite","@id":"https:\/\/wnm.be\/fr\/#website","url":"https:\/\/wnm.be\/fr\/","name":"WNM","description":"","potentialAction":[{"@type":"SearchAction","target":{"@type":"EntryPoint","urlTemplate":"https:\/\/wnm.be\/fr\/?s={search_term_string}"},"query-input":{"@type":"PropertyValueSpecification","valueRequired":true,"valueName":"search_term_string"}}],"inLanguage":"fr-FR"}]}},"_links":{"self":[{"href":"https:\/\/wnm.be\/fr\/wp-json\/wp\/v2\/pages\/53","targetHints":{"allow":["GET"]}}],"collection":[{"href":"https:\/\/wnm.be\/fr\/wp-json\/wp\/v2\/pages"}],"about":[{"href":"https:\/\/wnm.be\/fr\/wp-json\/wp\/v2\/types\/page"}],"author":[{"embeddable":true,"href":"https:\/\/wnm.be\/fr\/wp-json\/wp\/v2\/users\/1"}],"replies":[{"embeddable":true,"href":"https:\/\/wnm.be\/fr\/wp-json\/wp\/v2\/comments?post=53"}],"version-history":[{"count":13,"href":"https:\/\/wnm.be\/fr\/wp-json\/wp\/v2\/pages\/53\/revisions"}],"predecessor-version":[{"id":1901,"href":"https:\/\/wnm.be\/fr\/wp-json\/wp\/v2\/pages\/53\/revisions\/1901"}],"wp:featuredmedia":[{"embeddable":true,"href":"https:\/\/wnm.be\/fr\/wp-json\/wp\/v2\/media\/86"}],"wp:attachment":[{"href":"https:\/\/wnm.be\/fr\/wp-json\/wp\/v2\/media?parent=53"}],"curies":[{"name":"wp","href":"https:\/\/api.w.org\/{rel}","templated":true}]}}