{"id":51,"date":"2017-04-20T10:39:43","date_gmt":"2017-04-20T08:39:43","guid":{"rendered":"http:\/\/new.wnm.be\/?page_id=51"},"modified":"2017-10-04T11:56:35","modified_gmt":"2017-10-04T09:56:35","slug":"formationconsultance","status":"publish","type":"page","link":"https:\/\/wnm.be\/fr\/formationconsultance\/","title":{"rendered":"Formation \/ Consultance"},"content":{"rendered":"<p><a href=\"\/?page_id=12\" target=\"_blank\" rel=\"noopener noreferrer\">WNM<\/a> est la solution \u00e0 toutes vos demandes sp\u00e9cifiques en<strong> formations<\/strong> audiovisuelles. Nous nous adressons \u00e0 tous types de prestataires tels que les cha\u00eenes TV et radio, les soci\u00e9t\u00e9s de production, les int\u00e9grateurs &#8230;<\/p>\n<p>Nos formations sont con\u00e7ues sur mesure pour r\u00e9pondre au mieux \u00e0 vos besoins professionnels.<\/p>\n<p>Les formations contiennent un m\u00e9lange d&rsquo;\u00e9l\u00e9ments th\u00e9oriques agr\u00e9ment\u00e9s de situations pratiques.<br \/>\nNos collaborateurs op\u00e8rent en qualit\u00e9 de formateurs tout en restant r\u00e9guli\u00e8rement actifs dans le monde audiovisuel, ce qui vous assure une qualit\u00e9 d\u2019apprentissage et une vue globale sur l\u2019\u00e9volution du m\u00e9tier.<\/p>\n<p>Nous collaborons \u00e9troitement avec certains fabricants afin d\u2019assurer le support formation et\/ou technique de mat\u00e9riel broadcast\u00a0: <a href=\"https:\/\/www.lawo.com\/fr\/home.html\" target=\"_blank\" rel=\"noopener noreferrer\">Lawo<\/a>, <a href=\"http:\/\/www.riedel.com\/\" target=\"_blank\" rel=\"noopener noreferrer\">Riedel<\/a>, <a href=\"http:\/\/www.clearcom.com\/\" target=\"_blank\" rel=\"noopener noreferrer\">Clear-Com<\/a>, <a href=\"http:\/\/www.rtsintercoms.com\/rts\/line\" target=\"_blank\" rel=\"noopener noreferrer\">RTS-Telex<\/a>, <a href=\"http:\/\/www.overline-systems.com\/\" target=\"_blank\" rel=\"noopener noreferrer\">Overline<\/a>, <a href=\"http:\/\/fr-fr.sennheiser.com\/\" target=\"_blank\" rel=\"noopener noreferrer\">Sennheiser<\/a>, <a href=\"http:\/\/www.bs-rf.com\/fr\/\" target=\"_blank\" rel=\"noopener noreferrer\">BS-RF<\/a> (anciennement BROADY Solutions), <a href=\"http:\/\/www.shure.fr\/\" target=\"_blank\" rel=\"noopener noreferrer\">Shure<\/a>, <a href=\"http:\/\/www.yamahaproaudio.com\/global\/en\/applications\/broadcast\/\" target=\"_blank\" rel=\"noopener noreferrer\">Yamaha<\/a>, <a href=\"http:\/\/www.soundcraft.com\/en-US\" target=\"_blank\" rel=\"noopener noreferrer\">Soundcraft<\/a>, <a href=\"http:\/\/www.digico.biz\/\" target=\"_blank\" rel=\"noopener noreferrer\">Digico<\/a>\u00a0&#8230;<\/p>\n<p>&nbsp;<\/p>\n<p style=\"padding-left: 90px;\">Nous intervenons \u00e9galement en consultance uniquement, ceci pour des projets d\u2019\u00e9quipements techniques fixes et\/ou mobiles.<\/p>\n<p style=\"padding-left: 90px;\"><a href=\"\/?page_id=12\" target=\"_blank\" rel=\"noopener noreferrer\">WNM <\/a>met \u00e0 votre disposition son expertise riche de plus de 20 ans d&rsquo;exp\u00e9rience.<\/p>\n<p style=\"padding-left: 90px;\">Nous pouvons vous \u00e9pauler dans\u00a0l\u2019\u00e9criture de votre cahier des charges, vos \u00e9tudes ou encore le suivi de vos projets.<br \/>\nDu simple audit au conseil expert, nous vous proposons un service visant \u00e0 fixer vos choix technologiques et assurons \u00e9galement une gestion de projet globale.<\/p>\n<p style=\"padding-left: 90px;\">\n<p>&nbsp;<\/p>\n<p>&nbsp;<\/p>\n","protected":false},"excerpt":{"rendered":"<p>WNM est la solution \u00e0 toutes vos demandes sp\u00e9cifiques en formations audiovisuelles. Nous nous adressons \u00e0 tous types de prestataires tels que les cha\u00eenes TV et radio, les soci\u00e9t\u00e9s de production, les int\u00e9grateurs &#8230; Nos formations sont con\u00e7ues sur mesure pour r\u00e9pondre au mieux \u00e0 vos besoins professionnels. Les formations contiennent un m\u00e9lange d&rsquo;\u00e9l\u00e9ments th\u00e9oriques [&hellip;]<\/p>\n","protected":false},"author":1,"featured_media":1434,"parent":0,"menu_order":5,"comment_status":"closed","ping_status":"closed","template":"page_services.php","meta":{"_acf_changed":false,"footnotes":""},"class_list":["post-51","page","type-page","status-publish","has-post-thumbnail","hentry"],"acf":[],"yoast_head":"<!-- This site is optimized with the Yoast SEO plugin v26.7 - https:\/\/yoast.com\/wordpress\/plugins\/seo\/ -->\n<title>Formation \/ Consultance - WNM<\/title>\n<meta name=\"robots\" content=\"index, follow, max-snippet:-1, max-image-preview:large, max-video-preview:-1\" \/>\n<link rel=\"canonical\" href=\"https:\/\/wnm.be\/fr\/formationconsultance\/\" \/>\n<meta property=\"og:locale\" content=\"fr_FR\" \/>\n<meta property=\"og:type\" content=\"article\" \/>\n<meta property=\"og:title\" content=\"Formation \/ Consultance - WNM\" \/>\n<meta property=\"og:description\" content=\"WNM est la solution \u00e0 toutes vos demandes sp\u00e9cifiques en formations audiovisuelles. Nous nous adressons \u00e0 tous types de prestataires tels que les cha\u00eenes TV et radio, les soci\u00e9t\u00e9s de production, les int\u00e9grateurs &#8230; Nos formations sont con\u00e7ues sur mesure pour r\u00e9pondre au mieux \u00e0 vos besoins professionnels. Les formations contiennent un m\u00e9lange d&rsquo;\u00e9l\u00e9ments th\u00e9oriques [&hellip;]\" \/>\n<meta property=\"og:url\" content=\"https:\/\/wnm.be\/fr\/formationconsultance\/\" \/>\n<meta property=\"og:site_name\" content=\"WNM\" \/>\n<meta property=\"article:modified_time\" content=\"2017-10-04T09:56:35+00:00\" \/>\n<meta property=\"og:image\" content=\"https:\/\/wnm.be\/wp-content\/uploads\/2017\/04\/Formation-site-web-1.jpg\" \/>\n\t<meta property=\"og:image:width\" content=\"1200\" \/>\n\t<meta property=\"og:image:height\" content=\"1010\" \/>\n\t<meta property=\"og:image:type\" content=\"image\/jpeg\" \/>\n<meta name=\"twitter:card\" content=\"summary_large_image\" \/>\n<meta name=\"twitter:label1\" content=\"Dur\u00e9e de lecture estim\u00e9e\" \/>\n\t<meta name=\"twitter:data1\" content=\"1 minute\" \/>\n<script type=\"application\/ld+json\" class=\"yoast-schema-graph\">{\"@context\":\"https:\/\/schema.org\",\"@graph\":[{\"@type\":\"WebPage\",\"@id\":\"https:\/\/wnm.be\/fr\/formationconsultance\/\",\"url\":\"https:\/\/wnm.be\/fr\/formationconsultance\/\",\"name\":\"Formation \/ Consultance - WNM\",\"isPartOf\":{\"@id\":\"https:\/\/wnm.be\/fr\/#website\"},\"primaryImageOfPage\":{\"@id\":\"https:\/\/wnm.be\/fr\/formationconsultance\/#primaryimage\"},\"image\":{\"@id\":\"https:\/\/wnm.be\/fr\/formationconsultance\/#primaryimage\"},\"thumbnailUrl\":\"https:\/\/wnm.be\/wp-content\/uploads\/2017\/04\/Formation-site-web-1.jpg\",\"datePublished\":\"2017-04-20T08:39:43+00:00\",\"dateModified\":\"2017-10-04T09:56:35+00:00\",\"breadcrumb\":{\"@id\":\"https:\/\/wnm.be\/fr\/formationconsultance\/#breadcrumb\"},\"inLanguage\":\"fr-FR\",\"potentialAction\":[{\"@type\":\"ReadAction\",\"target\":[\"https:\/\/wnm.be\/fr\/formationconsultance\/\"]}]},{\"@type\":\"ImageObject\",\"inLanguage\":\"fr-FR\",\"@id\":\"https:\/\/wnm.be\/fr\/formationconsultance\/#primaryimage\",\"url\":\"https:\/\/wnm.be\/wp-content\/uploads\/2017\/04\/Formation-site-web-1.jpg\",\"contentUrl\":\"https:\/\/wnm.be\/wp-content\/uploads\/2017\/04\/Formation-site-web-1.jpg\",\"width\":1200,\"height\":1010},{\"@type\":\"BreadcrumbList\",\"@id\":\"https:\/\/wnm.be\/fr\/formationconsultance\/#breadcrumb\",\"itemListElement\":[{\"@type\":\"ListItem\",\"position\":1,\"name\":\"Accueil\",\"item\":\"https:\/\/wnm.be\/fr\/\"},{\"@type\":\"ListItem\",\"position\":2,\"name\":\"Formation \/ Consultance\"}]},{\"@type\":\"WebSite\",\"@id\":\"https:\/\/wnm.be\/fr\/#website\",\"url\":\"https:\/\/wnm.be\/fr\/\",\"name\":\"WNM\",\"description\":\"\",\"potentialAction\":[{\"@type\":\"SearchAction\",\"target\":{\"@type\":\"EntryPoint\",\"urlTemplate\":\"https:\/\/wnm.be\/fr\/?s={search_term_string}\"},\"query-input\":{\"@type\":\"PropertyValueSpecification\",\"valueRequired\":true,\"valueName\":\"search_term_string\"}}],\"inLanguage\":\"fr-FR\"}]}<\/script>\n<!-- \/ Yoast SEO plugin. -->","yoast_head_json":{"title":"Formation \/ Consultance - WNM","robots":{"index":"index","follow":"follow","max-snippet":"max-snippet:-1","max-image-preview":"max-image-preview:large","max-video-preview":"max-video-preview:-1"},"canonical":"https:\/\/wnm.be\/fr\/formationconsultance\/","og_locale":"fr_FR","og_type":"article","og_title":"Formation \/ Consultance - WNM","og_description":"WNM est la solution \u00e0 toutes vos demandes sp\u00e9cifiques en formations audiovisuelles. Nous nous adressons \u00e0 tous types de prestataires tels que les cha\u00eenes TV et radio, les soci\u00e9t\u00e9s de production, les int\u00e9grateurs &#8230; Nos formations sont con\u00e7ues sur mesure pour r\u00e9pondre au mieux \u00e0 vos besoins professionnels. Les formations contiennent un m\u00e9lange d&rsquo;\u00e9l\u00e9ments th\u00e9oriques [&hellip;]","og_url":"https:\/\/wnm.be\/fr\/formationconsultance\/","og_site_name":"WNM","article_modified_time":"2017-10-04T09:56:35+00:00","og_image":[{"width":1200,"height":1010,"url":"https:\/\/wnm.be\/wp-content\/uploads\/2017\/04\/Formation-site-web-1.jpg","type":"image\/jpeg"}],"twitter_card":"summary_large_image","twitter_misc":{"Dur\u00e9e de lecture estim\u00e9e":"1 minute"},"schema":{"@context":"https:\/\/schema.org","@graph":[{"@type":"WebPage","@id":"https:\/\/wnm.be\/fr\/formationconsultance\/","url":"https:\/\/wnm.be\/fr\/formationconsultance\/","name":"Formation \/ Consultance - WNM","isPartOf":{"@id":"https:\/\/wnm.be\/fr\/#website"},"primaryImageOfPage":{"@id":"https:\/\/wnm.be\/fr\/formationconsultance\/#primaryimage"},"image":{"@id":"https:\/\/wnm.be\/fr\/formationconsultance\/#primaryimage"},"thumbnailUrl":"https:\/\/wnm.be\/wp-content\/uploads\/2017\/04\/Formation-site-web-1.jpg","datePublished":"2017-04-20T08:39:43+00:00","dateModified":"2017-10-04T09:56:35+00:00","breadcrumb":{"@id":"https:\/\/wnm.be\/fr\/formationconsultance\/#breadcrumb"},"inLanguage":"fr-FR","potentialAction":[{"@type":"ReadAction","target":["https:\/\/wnm.be\/fr\/formationconsultance\/"]}]},{"@type":"ImageObject","inLanguage":"fr-FR","@id":"https:\/\/wnm.be\/fr\/formationconsultance\/#primaryimage","url":"https:\/\/wnm.be\/wp-content\/uploads\/2017\/04\/Formation-site-web-1.jpg","contentUrl":"https:\/\/wnm.be\/wp-content\/uploads\/2017\/04\/Formation-site-web-1.jpg","width":1200,"height":1010},{"@type":"BreadcrumbList","@id":"https:\/\/wnm.be\/fr\/formationconsultance\/#breadcrumb","itemListElement":[{"@type":"ListItem","position":1,"name":"Accueil","item":"https:\/\/wnm.be\/fr\/"},{"@type":"ListItem","position":2,"name":"Formation \/ Consultance"}]},{"@type":"WebSite","@id":"https:\/\/wnm.be\/fr\/#website","url":"https:\/\/wnm.be\/fr\/","name":"WNM","description":"","potentialAction":[{"@type":"SearchAction","target":{"@type":"EntryPoint","urlTemplate":"https:\/\/wnm.be\/fr\/?s={search_term_string}"},"query-input":{"@type":"PropertyValueSpecification","valueRequired":true,"valueName":"search_term_string"}}],"inLanguage":"fr-FR"}]}},"_links":{"self":[{"href":"https:\/\/wnm.be\/fr\/wp-json\/wp\/v2\/pages\/51","targetHints":{"allow":["GET"]}}],"collection":[{"href":"https:\/\/wnm.be\/fr\/wp-json\/wp\/v2\/pages"}],"about":[{"href":"https:\/\/wnm.be\/fr\/wp-json\/wp\/v2\/types\/page"}],"author":[{"embeddable":true,"href":"https:\/\/wnm.be\/fr\/wp-json\/wp\/v2\/users\/1"}],"replies":[{"embeddable":true,"href":"https:\/\/wnm.be\/fr\/wp-json\/wp\/v2\/comments?post=51"}],"version-history":[{"count":20,"href":"https:\/\/wnm.be\/fr\/wp-json\/wp\/v2\/pages\/51\/revisions"}],"predecessor-version":[{"id":1897,"href":"https:\/\/wnm.be\/fr\/wp-json\/wp\/v2\/pages\/51\/revisions\/1897"}],"wp:featuredmedia":[{"embeddable":true,"href":"https:\/\/wnm.be\/fr\/wp-json\/wp\/v2\/media\/1434"}],"wp:attachment":[{"href":"https:\/\/wnm.be\/fr\/wp-json\/wp\/v2\/media?parent=51"}],"curies":[{"name":"wp","href":"https:\/\/api.w.org\/{rel}","templated":true}]}}