{"id":49,"date":"2017-04-20T10:39:20","date_gmt":"2017-04-20T08:39:20","guid":{"rendered":"http:\/\/new.wnm.be\/?page_id=49"},"modified":"2017-10-03T17:31:52","modified_gmt":"2017-10-03T15:31:52","slug":"events","status":"publish","type":"page","link":"https:\/\/wnm.be\/fr\/prestation\/events\/","title":{"rendered":"Events"},"content":{"rendered":"<p>Vous pouvez nous confier<strong> l&rsquo;enti\u00e8ret\u00e9 ou une partie<\/strong> de la gestion de votre \u00e9v\u00e9nement, ceci tant au niveau de l&rsquo;<strong>organisation technique que pratique<\/strong>.<\/p>\n<p>Nous menons \u00e9galement \u00e0 bien votre \u00e9v\u00e9nement depuis la d\u00e9finition d\u2019un concept jusqu\u2019au d\u00e9briefing final\u00a0et nous vous accompagnons dans les choix et d\u00e9cisions propres aux diff\u00e9rents contextes.<\/p>\n<p>Nous sommes un partenaire technique sensible et \u00e0 votre \u00e9coute\u00a0: la r\u00e9ussite de votre \u00e9v\u00e9nement est notre objectif commun et il nous tient \u00e0 c\u0153ur que celui-ci r\u00e9ponde \u00e0 votre image et \u00e0 vos valeurs&#8230;<br \/>\nNous mettons \u00e0 votre disposition tout un parc de mat\u00e9riel (son &#8211; \u00e9clairage &#8211; vid\u00e9o &#8211; sc\u00e9nographie) pr\u00eat \u00e0 \u00eatre pleinement exploit\u00e9 sur votre \u00e9v\u00e9nement.<\/p>\n<p style=\"padding-left: 210px;\">Fort de plus de 15 ann\u00e9es d\u2019exp\u00e9rience, <a href=\"http:\/\/www.wnm.be\">WNM<\/a> est la solution pour tous vos\u00a0\u00e9v\u00e9nements corporate et incentives comme le team-building, de m\u00eame que pour la conception de stands priv\u00e9s et culturels.<\/p>\n","protected":false},"excerpt":{"rendered":"<p>Vous pouvez nous confier l&rsquo;enti\u00e8ret\u00e9 ou une partie de la gestion de votre \u00e9v\u00e9nement, ceci tant au niveau de l&rsquo;organisation technique que pratique. Nous menons \u00e9galement \u00e0 bien votre \u00e9v\u00e9nement depuis la d\u00e9finition d\u2019un concept jusqu\u2019au d\u00e9briefing final\u00a0et nous vous accompagnons dans les choix et d\u00e9cisions propres aux diff\u00e9rents contextes. Nous sommes un partenaire technique [&hellip;]<\/p>\n","protected":false},"author":1,"featured_media":1464,"parent":43,"menu_order":0,"comment_status":"closed","ping_status":"closed","template":"page_services.php","meta":{"_acf_changed":false,"footnotes":""},"class_list":["post-49","page","type-page","status-publish","has-post-thumbnail","hentry"],"acf":[],"yoast_head":"<!-- This site is optimized with the Yoast SEO plugin v26.7 - https:\/\/yoast.com\/wordpress\/plugins\/seo\/ -->\n<title>Events - WNM<\/title>\n<meta name=\"robots\" content=\"index, follow, max-snippet:-1, max-image-preview:large, max-video-preview:-1\" \/>\n<link rel=\"canonical\" href=\"https:\/\/wnm.be\/fr\/prestation\/events\/\" \/>\n<meta property=\"og:locale\" content=\"fr_FR\" \/>\n<meta property=\"og:type\" content=\"article\" \/>\n<meta property=\"og:title\" content=\"Events - WNM\" \/>\n<meta property=\"og:description\" content=\"Vous pouvez nous confier l&rsquo;enti\u00e8ret\u00e9 ou une partie de la gestion de votre \u00e9v\u00e9nement, ceci tant au niveau de l&rsquo;organisation technique que pratique. Nous menons \u00e9galement \u00e0 bien votre \u00e9v\u00e9nement depuis la d\u00e9finition d\u2019un concept jusqu\u2019au d\u00e9briefing final\u00a0et nous vous accompagnons dans les choix et d\u00e9cisions propres aux diff\u00e9rents contextes. Nous sommes un partenaire technique [&hellip;]\" \/>\n<meta property=\"og:url\" content=\"https:\/\/wnm.be\/fr\/prestation\/events\/\" \/>\n<meta property=\"og:site_name\" content=\"WNM\" \/>\n<meta property=\"article:modified_time\" content=\"2017-10-03T15:31:52+00:00\" \/>\n<meta property=\"og:image\" content=\"https:\/\/wnm.be\/wp-content\/uploads\/2017\/04\/d_wnm_events.png\" \/>\n\t<meta property=\"og:image:width\" content=\"366\" \/>\n\t<meta property=\"og:image:height\" content=\"366\" \/>\n\t<meta property=\"og:image:type\" content=\"image\/png\" \/>\n<meta name=\"twitter:card\" content=\"summary_large_image\" \/>\n<meta name=\"twitter:label1\" content=\"Dur\u00e9e de lecture estim\u00e9e\" \/>\n\t<meta name=\"twitter:data1\" content=\"1 minute\" \/>\n<script type=\"application\/ld+json\" class=\"yoast-schema-graph\">{\"@context\":\"https:\/\/schema.org\",\"@graph\":[{\"@type\":\"WebPage\",\"@id\":\"https:\/\/wnm.be\/fr\/prestation\/events\/\",\"url\":\"https:\/\/wnm.be\/fr\/prestation\/events\/\",\"name\":\"Events - WNM\",\"isPartOf\":{\"@id\":\"https:\/\/wnm.be\/fr\/#website\"},\"primaryImageOfPage\":{\"@id\":\"https:\/\/wnm.be\/fr\/prestation\/events\/#primaryimage\"},\"image\":{\"@id\":\"https:\/\/wnm.be\/fr\/prestation\/events\/#primaryimage\"},\"thumbnailUrl\":\"https:\/\/wnm.be\/wp-content\/uploads\/2017\/04\/d_wnm_events.png\",\"datePublished\":\"2017-04-20T08:39:20+00:00\",\"dateModified\":\"2017-10-03T15:31:52+00:00\",\"breadcrumb\":{\"@id\":\"https:\/\/wnm.be\/fr\/prestation\/events\/#breadcrumb\"},\"inLanguage\":\"fr-FR\",\"potentialAction\":[{\"@type\":\"ReadAction\",\"target\":[\"https:\/\/wnm.be\/fr\/prestation\/events\/\"]}]},{\"@type\":\"ImageObject\",\"inLanguage\":\"fr-FR\",\"@id\":\"https:\/\/wnm.be\/fr\/prestation\/events\/#primaryimage\",\"url\":\"https:\/\/wnm.be\/wp-content\/uploads\/2017\/04\/d_wnm_events.png\",\"contentUrl\":\"https:\/\/wnm.be\/wp-content\/uploads\/2017\/04\/d_wnm_events.png\",\"width\":366,\"height\":366},{\"@type\":\"BreadcrumbList\",\"@id\":\"https:\/\/wnm.be\/fr\/prestation\/events\/#breadcrumb\",\"itemListElement\":[{\"@type\":\"ListItem\",\"position\":1,\"name\":\"Accueil\",\"item\":\"https:\/\/wnm.be\/fr\/\"},{\"@type\":\"ListItem\",\"position\":2,\"name\":\"Prestation\",\"item\":\"https:\/\/wnm.be\/fr\/prestation\/\"},{\"@type\":\"ListItem\",\"position\":3,\"name\":\"Events\"}]},{\"@type\":\"WebSite\",\"@id\":\"https:\/\/wnm.be\/fr\/#website\",\"url\":\"https:\/\/wnm.be\/fr\/\",\"name\":\"WNM\",\"description\":\"\",\"potentialAction\":[{\"@type\":\"SearchAction\",\"target\":{\"@type\":\"EntryPoint\",\"urlTemplate\":\"https:\/\/wnm.be\/fr\/?s={search_term_string}\"},\"query-input\":{\"@type\":\"PropertyValueSpecification\",\"valueRequired\":true,\"valueName\":\"search_term_string\"}}],\"inLanguage\":\"fr-FR\"}]}<\/script>\n<!-- \/ Yoast SEO plugin. -->","yoast_head_json":{"title":"Events - WNM","robots":{"index":"index","follow":"follow","max-snippet":"max-snippet:-1","max-image-preview":"max-image-preview:large","max-video-preview":"max-video-preview:-1"},"canonical":"https:\/\/wnm.be\/fr\/prestation\/events\/","og_locale":"fr_FR","og_type":"article","og_title":"Events - WNM","og_description":"Vous pouvez nous confier l&rsquo;enti\u00e8ret\u00e9 ou une partie de la gestion de votre \u00e9v\u00e9nement, ceci tant au niveau de l&rsquo;organisation technique que pratique. Nous menons \u00e9galement \u00e0 bien votre \u00e9v\u00e9nement depuis la d\u00e9finition d\u2019un concept jusqu\u2019au d\u00e9briefing final\u00a0et nous vous accompagnons dans les choix et d\u00e9cisions propres aux diff\u00e9rents contextes. Nous sommes un partenaire technique [&hellip;]","og_url":"https:\/\/wnm.be\/fr\/prestation\/events\/","og_site_name":"WNM","article_modified_time":"2017-10-03T15:31:52+00:00","og_image":[{"width":366,"height":366,"url":"https:\/\/wnm.be\/wp-content\/uploads\/2017\/04\/d_wnm_events.png","type":"image\/png"}],"twitter_card":"summary_large_image","twitter_misc":{"Dur\u00e9e de lecture estim\u00e9e":"1 minute"},"schema":{"@context":"https:\/\/schema.org","@graph":[{"@type":"WebPage","@id":"https:\/\/wnm.be\/fr\/prestation\/events\/","url":"https:\/\/wnm.be\/fr\/prestation\/events\/","name":"Events - WNM","isPartOf":{"@id":"https:\/\/wnm.be\/fr\/#website"},"primaryImageOfPage":{"@id":"https:\/\/wnm.be\/fr\/prestation\/events\/#primaryimage"},"image":{"@id":"https:\/\/wnm.be\/fr\/prestation\/events\/#primaryimage"},"thumbnailUrl":"https:\/\/wnm.be\/wp-content\/uploads\/2017\/04\/d_wnm_events.png","datePublished":"2017-04-20T08:39:20+00:00","dateModified":"2017-10-03T15:31:52+00:00","breadcrumb":{"@id":"https:\/\/wnm.be\/fr\/prestation\/events\/#breadcrumb"},"inLanguage":"fr-FR","potentialAction":[{"@type":"ReadAction","target":["https:\/\/wnm.be\/fr\/prestation\/events\/"]}]},{"@type":"ImageObject","inLanguage":"fr-FR","@id":"https:\/\/wnm.be\/fr\/prestation\/events\/#primaryimage","url":"https:\/\/wnm.be\/wp-content\/uploads\/2017\/04\/d_wnm_events.png","contentUrl":"https:\/\/wnm.be\/wp-content\/uploads\/2017\/04\/d_wnm_events.png","width":366,"height":366},{"@type":"BreadcrumbList","@id":"https:\/\/wnm.be\/fr\/prestation\/events\/#breadcrumb","itemListElement":[{"@type":"ListItem","position":1,"name":"Accueil","item":"https:\/\/wnm.be\/fr\/"},{"@type":"ListItem","position":2,"name":"Prestation","item":"https:\/\/wnm.be\/fr\/prestation\/"},{"@type":"ListItem","position":3,"name":"Events"}]},{"@type":"WebSite","@id":"https:\/\/wnm.be\/fr\/#website","url":"https:\/\/wnm.be\/fr\/","name":"WNM","description":"","potentialAction":[{"@type":"SearchAction","target":{"@type":"EntryPoint","urlTemplate":"https:\/\/wnm.be\/fr\/?s={search_term_string}"},"query-input":{"@type":"PropertyValueSpecification","valueRequired":true,"valueName":"search_term_string"}}],"inLanguage":"fr-FR"}]}},"_links":{"self":[{"href":"https:\/\/wnm.be\/fr\/wp-json\/wp\/v2\/pages\/49","targetHints":{"allow":["GET"]}}],"collection":[{"href":"https:\/\/wnm.be\/fr\/wp-json\/wp\/v2\/pages"}],"about":[{"href":"https:\/\/wnm.be\/fr\/wp-json\/wp\/v2\/types\/page"}],"author":[{"embeddable":true,"href":"https:\/\/wnm.be\/fr\/wp-json\/wp\/v2\/users\/1"}],"replies":[{"embeddable":true,"href":"https:\/\/wnm.be\/fr\/wp-json\/wp\/v2\/comments?post=49"}],"version-history":[{"count":16,"href":"https:\/\/wnm.be\/fr\/wp-json\/wp\/v2\/pages\/49\/revisions"}],"predecessor-version":[{"id":1894,"href":"https:\/\/wnm.be\/fr\/wp-json\/wp\/v2\/pages\/49\/revisions\/1894"}],"up":[{"embeddable":true,"href":"https:\/\/wnm.be\/fr\/wp-json\/wp\/v2\/pages\/43"}],"wp:featuredmedia":[{"embeddable":true,"href":"https:\/\/wnm.be\/fr\/wp-json\/wp\/v2\/media\/1464"}],"wp:attachment":[{"href":"https:\/\/wnm.be\/fr\/wp-json\/wp\/v2\/media?parent=49"}],"curies":[{"name":"wp","href":"https:\/\/api.w.org\/{rel}","templated":true}]}}