{"id":47,"date":"2017-04-20T10:39:11","date_gmt":"2017-04-20T08:39:11","guid":{"rendered":"http:\/\/new.wnm.be\/?page_id=47"},"modified":"2017-10-04T14:22:19","modified_gmt":"2017-10-04T12:22:19","slug":"radio","status":"publish","type":"page","link":"https:\/\/wnm.be\/fr\/prestation\/radio\/","title":{"rendered":"Radio"},"content":{"rendered":"<p>Nous travaillons en collaboration avec diverses radios nationales et locales lors d\u2019enregistrements et captations sp\u00e9ciales et leur assurons \u00e9galement un support technique.<\/p>\n<p>Notre sp\u00e9cialisation en <strong>transmissions HF<\/strong> nous permet de relever de nombreux challenges parfois tr\u00e8s complexes.<\/p>\n<p>&nbsp;<\/p>\n<p>Nous fournissons une large gamme d\u2019\u00e9quipements centr\u00e9s sur le monde de la radio tels que micros, bonnettes et autres.<\/p>\n<p>&nbsp;<\/p>\n<p style=\"padding-left: 120px;\">Nous sommes pr\u00eats \u00e0 intervenir en tant que consultants et prestataires sur tous vos projets qui d\u00e9finiront la radio de demain\u00a0: DAB +, Media-Talk, webradio.<\/p>\n<p>&nbsp;<\/p>\n","protected":false},"excerpt":{"rendered":"<p>Nous travaillons en collaboration avec diverses radios nationales et locales lors d\u2019enregistrements et captations sp\u00e9ciales et leur assurons \u00e9galement un support technique. Notre sp\u00e9cialisation en transmissions HF nous permet de relever de nombreux challenges parfois tr\u00e8s complexes. &nbsp; Nous fournissons une large gamme d\u2019\u00e9quipements centr\u00e9s sur le monde de la radio tels que micros, bonnettes [&hellip;]<\/p>\n","protected":false},"author":1,"featured_media":1462,"parent":43,"menu_order":0,"comment_status":"closed","ping_status":"closed","template":"page_services.php","meta":{"_acf_changed":false,"footnotes":""},"class_list":["post-47","page","type-page","status-publish","has-post-thumbnail","hentry"],"acf":[],"yoast_head":"<!-- This site is optimized with the Yoast SEO plugin v26.7 - https:\/\/yoast.com\/wordpress\/plugins\/seo\/ -->\n<title>Radio - WNM<\/title>\n<meta name=\"robots\" content=\"index, follow, max-snippet:-1, max-image-preview:large, max-video-preview:-1\" \/>\n<link rel=\"canonical\" href=\"https:\/\/wnm.be\/fr\/prestation\/radio\/\" \/>\n<meta property=\"og:locale\" content=\"fr_FR\" \/>\n<meta property=\"og:type\" content=\"article\" \/>\n<meta property=\"og:title\" content=\"Radio - WNM\" \/>\n<meta property=\"og:description\" content=\"Nous travaillons en collaboration avec diverses radios nationales et locales lors d\u2019enregistrements et captations sp\u00e9ciales et leur assurons \u00e9galement un support technique. Notre sp\u00e9cialisation en transmissions HF nous permet de relever de nombreux challenges parfois tr\u00e8s complexes. &nbsp; Nous fournissons une large gamme d\u2019\u00e9quipements centr\u00e9s sur le monde de la radio tels que micros, bonnettes [&hellip;]\" \/>\n<meta property=\"og:url\" content=\"https:\/\/wnm.be\/fr\/prestation\/radio\/\" \/>\n<meta property=\"og:site_name\" content=\"WNM\" \/>\n<meta property=\"article:modified_time\" content=\"2017-10-04T12:22:19+00:00\" \/>\n<meta property=\"og:image\" content=\"https:\/\/wnm.be\/wp-content\/uploads\/2017\/04\/d_wnm_radio.jpg\" \/>\n\t<meta property=\"og:image:width\" content=\"366\" \/>\n\t<meta property=\"og:image:height\" content=\"366\" \/>\n\t<meta property=\"og:image:type\" content=\"image\/jpeg\" \/>\n<meta name=\"twitter:card\" content=\"summary_large_image\" \/>\n<script type=\"application\/ld+json\" class=\"yoast-schema-graph\">{\"@context\":\"https:\/\/schema.org\",\"@graph\":[{\"@type\":\"WebPage\",\"@id\":\"https:\/\/wnm.be\/fr\/prestation\/radio\/\",\"url\":\"https:\/\/wnm.be\/fr\/prestation\/radio\/\",\"name\":\"Radio - WNM\",\"isPartOf\":{\"@id\":\"https:\/\/wnm.be\/fr\/#website\"},\"primaryImageOfPage\":{\"@id\":\"https:\/\/wnm.be\/fr\/prestation\/radio\/#primaryimage\"},\"image\":{\"@id\":\"https:\/\/wnm.be\/fr\/prestation\/radio\/#primaryimage\"},\"thumbnailUrl\":\"https:\/\/wnm.be\/wp-content\/uploads\/2017\/04\/d_wnm_radio.jpg\",\"datePublished\":\"2017-04-20T08:39:11+00:00\",\"dateModified\":\"2017-10-04T12:22:19+00:00\",\"breadcrumb\":{\"@id\":\"https:\/\/wnm.be\/fr\/prestation\/radio\/#breadcrumb\"},\"inLanguage\":\"fr-FR\",\"potentialAction\":[{\"@type\":\"ReadAction\",\"target\":[\"https:\/\/wnm.be\/fr\/prestation\/radio\/\"]}]},{\"@type\":\"ImageObject\",\"inLanguage\":\"fr-FR\",\"@id\":\"https:\/\/wnm.be\/fr\/prestation\/radio\/#primaryimage\",\"url\":\"https:\/\/wnm.be\/wp-content\/uploads\/2017\/04\/d_wnm_radio.jpg\",\"contentUrl\":\"https:\/\/wnm.be\/wp-content\/uploads\/2017\/04\/d_wnm_radio.jpg\",\"width\":366,\"height\":366},{\"@type\":\"BreadcrumbList\",\"@id\":\"https:\/\/wnm.be\/fr\/prestation\/radio\/#breadcrumb\",\"itemListElement\":[{\"@type\":\"ListItem\",\"position\":1,\"name\":\"Accueil\",\"item\":\"https:\/\/wnm.be\/fr\/\"},{\"@type\":\"ListItem\",\"position\":2,\"name\":\"Prestation\",\"item\":\"https:\/\/wnm.be\/fr\/prestation\/\"},{\"@type\":\"ListItem\",\"position\":3,\"name\":\"Radio\"}]},{\"@type\":\"WebSite\",\"@id\":\"https:\/\/wnm.be\/fr\/#website\",\"url\":\"https:\/\/wnm.be\/fr\/\",\"name\":\"WNM\",\"description\":\"\",\"potentialAction\":[{\"@type\":\"SearchAction\",\"target\":{\"@type\":\"EntryPoint\",\"urlTemplate\":\"https:\/\/wnm.be\/fr\/?s={search_term_string}\"},\"query-input\":{\"@type\":\"PropertyValueSpecification\",\"valueRequired\":true,\"valueName\":\"search_term_string\"}}],\"inLanguage\":\"fr-FR\"}]}<\/script>\n<!-- \/ Yoast SEO plugin. -->","yoast_head_json":{"title":"Radio - WNM","robots":{"index":"index","follow":"follow","max-snippet":"max-snippet:-1","max-image-preview":"max-image-preview:large","max-video-preview":"max-video-preview:-1"},"canonical":"https:\/\/wnm.be\/fr\/prestation\/radio\/","og_locale":"fr_FR","og_type":"article","og_title":"Radio - WNM","og_description":"Nous travaillons en collaboration avec diverses radios nationales et locales lors d\u2019enregistrements et captations sp\u00e9ciales et leur assurons \u00e9galement un support technique. Notre sp\u00e9cialisation en transmissions HF nous permet de relever de nombreux challenges parfois tr\u00e8s complexes. &nbsp; Nous fournissons une large gamme d\u2019\u00e9quipements centr\u00e9s sur le monde de la radio tels que micros, bonnettes [&hellip;]","og_url":"https:\/\/wnm.be\/fr\/prestation\/radio\/","og_site_name":"WNM","article_modified_time":"2017-10-04T12:22:19+00:00","og_image":[{"width":366,"height":366,"url":"https:\/\/wnm.be\/wp-content\/uploads\/2017\/04\/d_wnm_radio.jpg","type":"image\/jpeg"}],"twitter_card":"summary_large_image","schema":{"@context":"https:\/\/schema.org","@graph":[{"@type":"WebPage","@id":"https:\/\/wnm.be\/fr\/prestation\/radio\/","url":"https:\/\/wnm.be\/fr\/prestation\/radio\/","name":"Radio - WNM","isPartOf":{"@id":"https:\/\/wnm.be\/fr\/#website"},"primaryImageOfPage":{"@id":"https:\/\/wnm.be\/fr\/prestation\/radio\/#primaryimage"},"image":{"@id":"https:\/\/wnm.be\/fr\/prestation\/radio\/#primaryimage"},"thumbnailUrl":"https:\/\/wnm.be\/wp-content\/uploads\/2017\/04\/d_wnm_radio.jpg","datePublished":"2017-04-20T08:39:11+00:00","dateModified":"2017-10-04T12:22:19+00:00","breadcrumb":{"@id":"https:\/\/wnm.be\/fr\/prestation\/radio\/#breadcrumb"},"inLanguage":"fr-FR","potentialAction":[{"@type":"ReadAction","target":["https:\/\/wnm.be\/fr\/prestation\/radio\/"]}]},{"@type":"ImageObject","inLanguage":"fr-FR","@id":"https:\/\/wnm.be\/fr\/prestation\/radio\/#primaryimage","url":"https:\/\/wnm.be\/wp-content\/uploads\/2017\/04\/d_wnm_radio.jpg","contentUrl":"https:\/\/wnm.be\/wp-content\/uploads\/2017\/04\/d_wnm_radio.jpg","width":366,"height":366},{"@type":"BreadcrumbList","@id":"https:\/\/wnm.be\/fr\/prestation\/radio\/#breadcrumb","itemListElement":[{"@type":"ListItem","position":1,"name":"Accueil","item":"https:\/\/wnm.be\/fr\/"},{"@type":"ListItem","position":2,"name":"Prestation","item":"https:\/\/wnm.be\/fr\/prestation\/"},{"@type":"ListItem","position":3,"name":"Radio"}]},{"@type":"WebSite","@id":"https:\/\/wnm.be\/fr\/#website","url":"https:\/\/wnm.be\/fr\/","name":"WNM","description":"","potentialAction":[{"@type":"SearchAction","target":{"@type":"EntryPoint","urlTemplate":"https:\/\/wnm.be\/fr\/?s={search_term_string}"},"query-input":{"@type":"PropertyValueSpecification","valueRequired":true,"valueName":"search_term_string"}}],"inLanguage":"fr-FR"}]}},"_links":{"self":[{"href":"https:\/\/wnm.be\/fr\/wp-json\/wp\/v2\/pages\/47","targetHints":{"allow":["GET"]}}],"collection":[{"href":"https:\/\/wnm.be\/fr\/wp-json\/wp\/v2\/pages"}],"about":[{"href":"https:\/\/wnm.be\/fr\/wp-json\/wp\/v2\/types\/page"}],"author":[{"embeddable":true,"href":"https:\/\/wnm.be\/fr\/wp-json\/wp\/v2\/users\/1"}],"replies":[{"embeddable":true,"href":"https:\/\/wnm.be\/fr\/wp-json\/wp\/v2\/comments?post=47"}],"version-history":[{"count":18,"href":"https:\/\/wnm.be\/fr\/wp-json\/wp\/v2\/pages\/47\/revisions"}],"predecessor-version":[{"id":1902,"href":"https:\/\/wnm.be\/fr\/wp-json\/wp\/v2\/pages\/47\/revisions\/1902"}],"up":[{"embeddable":true,"href":"https:\/\/wnm.be\/fr\/wp-json\/wp\/v2\/pages\/43"}],"wp:featuredmedia":[{"embeddable":true,"href":"https:\/\/wnm.be\/fr\/wp-json\/wp\/v2\/media\/1462"}],"wp:attachment":[{"href":"https:\/\/wnm.be\/fr\/wp-json\/wp\/v2\/media?parent=47"}],"curies":[{"name":"wp","href":"https:\/\/api.w.org\/{rel}","templated":true}]}}