{"id":45,"date":"2017-04-20T10:39:00","date_gmt":"2017-04-20T08:39:00","guid":{"rendered":"http:\/\/new.wnm.be\/?page_id=45"},"modified":"2019-07-04T16:20:35","modified_gmt":"2019-07-04T14:20:35","slug":"television","status":"publish","type":"page","link":"https:\/\/wnm.be\/fr\/prestation\/television\/","title":{"rendered":"T\u00e9l\u00e9vision"},"content":{"rendered":"<p>Nous nous chargeons de la prise de son lors de <strong>captations t\u00e9l\u00e9visuelles<\/strong> dans de nombreux domaines.<\/p>\n<p>Nous avons acquis une solide exp\u00e9rience dans les captations <strong>multicam\u00e9ras<\/strong> de divers types d\u2019\u00e9v\u00e9nements.<\/p>\n<p>La connaissance et la ma\u00eetrise de techniques et mat\u00e9riels sp\u00e9cifiques nous am\u00e8ne \u00e0 assurer des prestations de haute qualit\u00e9 au niveau national ET international.<\/p>\n<h4>Coupe du Monde de Football, Jeux Olympiques, Formule 1,\u2026<\/h4>\n<p>Nous fournissons un service complet\u00a0: nous g\u00e9rons la logistique du <strong>mat\u00e9riel ET <\/strong>du<strong> personnel <\/strong>qui l\u2019exploite.<\/p>\n<p>Captation d\u2019\u00e9v\u00e9nements sportifs (Football, tennis, rugby, handball, natation, golf), show TV (talkshow, vari\u00e9t\u00e9s, d\u00e9bats,\u2026), concerts,\u2026<\/p>\n<h4 style=\"padding-left: 90px;\"><strong>Documentaires, reportages, news, magazines, t\u00e9l\u00e9r\u00e9alit\u00e9,\u2026<\/strong><\/h4>\n<p style=\"padding-left: 90px;\">Une \u00e9quipe de preneurs de son qualifi\u00e9s et exp\u00e9riment\u00e9s en <strong>ENG<\/strong> parcourt la Belgique et le monde au service de vos r\u00e9alisations.<\/p>\n","protected":false},"excerpt":{"rendered":"<p>Nous nous chargeons de la prise de son lors de captations t\u00e9l\u00e9visuelles dans de nombreux domaines. Nous avons acquis une solide exp\u00e9rience dans les captations multicam\u00e9ras de divers types d\u2019\u00e9v\u00e9nements. La connaissance et la ma\u00eetrise de techniques et mat\u00e9riels sp\u00e9cifiques nous am\u00e8ne \u00e0 assurer des prestations de haute qualit\u00e9 au niveau national ET international. Coupe [&hellip;]<\/p>\n","protected":false},"author":1,"featured_media":1463,"parent":43,"menu_order":0,"comment_status":"closed","ping_status":"closed","template":"page_services.php","meta":{"_acf_changed":false,"footnotes":""},"class_list":["post-45","page","type-page","status-publish","has-post-thumbnail","hentry"],"acf":[],"yoast_head":"<!-- This site is optimized with the Yoast SEO plugin v26.7 - https:\/\/yoast.com\/wordpress\/plugins\/seo\/ -->\n<title>T\u00e9l\u00e9vision - WNM<\/title>\n<meta name=\"robots\" content=\"index, follow, max-snippet:-1, max-image-preview:large, max-video-preview:-1\" \/>\n<link rel=\"canonical\" href=\"https:\/\/wnm.be\/fr\/prestation\/television\/\" \/>\n<meta property=\"og:locale\" content=\"fr_FR\" \/>\n<meta property=\"og:type\" content=\"article\" \/>\n<meta property=\"og:title\" content=\"T\u00e9l\u00e9vision - WNM\" \/>\n<meta property=\"og:description\" content=\"Nous nous chargeons de la prise de son lors de captations t\u00e9l\u00e9visuelles dans de nombreux domaines. Nous avons acquis une solide exp\u00e9rience dans les captations multicam\u00e9ras de divers types d\u2019\u00e9v\u00e9nements. La connaissance et la ma\u00eetrise de techniques et mat\u00e9riels sp\u00e9cifiques nous am\u00e8ne \u00e0 assurer des prestations de haute qualit\u00e9 au niveau national ET international. Coupe [&hellip;]\" \/>\n<meta property=\"og:url\" content=\"https:\/\/wnm.be\/fr\/prestation\/television\/\" \/>\n<meta property=\"og:site_name\" content=\"WNM\" \/>\n<meta property=\"article:modified_time\" content=\"2019-07-04T14:20:35+00:00\" \/>\n<meta property=\"og:image\" content=\"https:\/\/wnm.be\/wp-content\/uploads\/2017\/04\/d_wnm_television.jpg\" \/>\n\t<meta property=\"og:image:width\" content=\"366\" \/>\n\t<meta property=\"og:image:height\" content=\"366\" \/>\n\t<meta property=\"og:image:type\" content=\"image\/jpeg\" \/>\n<meta name=\"twitter:card\" content=\"summary_large_image\" \/>\n<meta name=\"twitter:label1\" content=\"Dur\u00e9e de lecture estim\u00e9e\" \/>\n\t<meta name=\"twitter:data1\" content=\"1 minute\" \/>\n<script type=\"application\/ld+json\" class=\"yoast-schema-graph\">{\"@context\":\"https:\/\/schema.org\",\"@graph\":[{\"@type\":\"WebPage\",\"@id\":\"https:\/\/wnm.be\/fr\/prestation\/television\/\",\"url\":\"https:\/\/wnm.be\/fr\/prestation\/television\/\",\"name\":\"T\u00e9l\u00e9vision - WNM\",\"isPartOf\":{\"@id\":\"https:\/\/wnm.be\/fr\/#website\"},\"primaryImageOfPage\":{\"@id\":\"https:\/\/wnm.be\/fr\/prestation\/television\/#primaryimage\"},\"image\":{\"@id\":\"https:\/\/wnm.be\/fr\/prestation\/television\/#primaryimage\"},\"thumbnailUrl\":\"https:\/\/wnm.be\/wp-content\/uploads\/2017\/04\/d_wnm_television.jpg\",\"datePublished\":\"2017-04-20T08:39:00+00:00\",\"dateModified\":\"2019-07-04T14:20:35+00:00\",\"breadcrumb\":{\"@id\":\"https:\/\/wnm.be\/fr\/prestation\/television\/#breadcrumb\"},\"inLanguage\":\"fr-FR\",\"potentialAction\":[{\"@type\":\"ReadAction\",\"target\":[\"https:\/\/wnm.be\/fr\/prestation\/television\/\"]}]},{\"@type\":\"ImageObject\",\"inLanguage\":\"fr-FR\",\"@id\":\"https:\/\/wnm.be\/fr\/prestation\/television\/#primaryimage\",\"url\":\"https:\/\/wnm.be\/wp-content\/uploads\/2017\/04\/d_wnm_television.jpg\",\"contentUrl\":\"https:\/\/wnm.be\/wp-content\/uploads\/2017\/04\/d_wnm_television.jpg\",\"width\":366,\"height\":366},{\"@type\":\"BreadcrumbList\",\"@id\":\"https:\/\/wnm.be\/fr\/prestation\/television\/#breadcrumb\",\"itemListElement\":[{\"@type\":\"ListItem\",\"position\":1,\"name\":\"Accueil\",\"item\":\"https:\/\/wnm.be\/fr\/\"},{\"@type\":\"ListItem\",\"position\":2,\"name\":\"Prestation\",\"item\":\"https:\/\/wnm.be\/fr\/prestation\/\"},{\"@type\":\"ListItem\",\"position\":3,\"name\":\"T\u00e9l\u00e9vision\"}]},{\"@type\":\"WebSite\",\"@id\":\"https:\/\/wnm.be\/fr\/#website\",\"url\":\"https:\/\/wnm.be\/fr\/\",\"name\":\"WNM\",\"description\":\"\",\"potentialAction\":[{\"@type\":\"SearchAction\",\"target\":{\"@type\":\"EntryPoint\",\"urlTemplate\":\"https:\/\/wnm.be\/fr\/?s={search_term_string}\"},\"query-input\":{\"@type\":\"PropertyValueSpecification\",\"valueRequired\":true,\"valueName\":\"search_term_string\"}}],\"inLanguage\":\"fr-FR\"}]}<\/script>\n<!-- \/ Yoast SEO plugin. -->","yoast_head_json":{"title":"T\u00e9l\u00e9vision - WNM","robots":{"index":"index","follow":"follow","max-snippet":"max-snippet:-1","max-image-preview":"max-image-preview:large","max-video-preview":"max-video-preview:-1"},"canonical":"https:\/\/wnm.be\/fr\/prestation\/television\/","og_locale":"fr_FR","og_type":"article","og_title":"T\u00e9l\u00e9vision - WNM","og_description":"Nous nous chargeons de la prise de son lors de captations t\u00e9l\u00e9visuelles dans de nombreux domaines. Nous avons acquis une solide exp\u00e9rience dans les captations multicam\u00e9ras de divers types d\u2019\u00e9v\u00e9nements. La connaissance et la ma\u00eetrise de techniques et mat\u00e9riels sp\u00e9cifiques nous am\u00e8ne \u00e0 assurer des prestations de haute qualit\u00e9 au niveau national ET international. Coupe [&hellip;]","og_url":"https:\/\/wnm.be\/fr\/prestation\/television\/","og_site_name":"WNM","article_modified_time":"2019-07-04T14:20:35+00:00","og_image":[{"width":366,"height":366,"url":"https:\/\/wnm.be\/wp-content\/uploads\/2017\/04\/d_wnm_television.jpg","type":"image\/jpeg"}],"twitter_card":"summary_large_image","twitter_misc":{"Dur\u00e9e de lecture estim\u00e9e":"1 minute"},"schema":{"@context":"https:\/\/schema.org","@graph":[{"@type":"WebPage","@id":"https:\/\/wnm.be\/fr\/prestation\/television\/","url":"https:\/\/wnm.be\/fr\/prestation\/television\/","name":"T\u00e9l\u00e9vision - WNM","isPartOf":{"@id":"https:\/\/wnm.be\/fr\/#website"},"primaryImageOfPage":{"@id":"https:\/\/wnm.be\/fr\/prestation\/television\/#primaryimage"},"image":{"@id":"https:\/\/wnm.be\/fr\/prestation\/television\/#primaryimage"},"thumbnailUrl":"https:\/\/wnm.be\/wp-content\/uploads\/2017\/04\/d_wnm_television.jpg","datePublished":"2017-04-20T08:39:00+00:00","dateModified":"2019-07-04T14:20:35+00:00","breadcrumb":{"@id":"https:\/\/wnm.be\/fr\/prestation\/television\/#breadcrumb"},"inLanguage":"fr-FR","potentialAction":[{"@type":"ReadAction","target":["https:\/\/wnm.be\/fr\/prestation\/television\/"]}]},{"@type":"ImageObject","inLanguage":"fr-FR","@id":"https:\/\/wnm.be\/fr\/prestation\/television\/#primaryimage","url":"https:\/\/wnm.be\/wp-content\/uploads\/2017\/04\/d_wnm_television.jpg","contentUrl":"https:\/\/wnm.be\/wp-content\/uploads\/2017\/04\/d_wnm_television.jpg","width":366,"height":366},{"@type":"BreadcrumbList","@id":"https:\/\/wnm.be\/fr\/prestation\/television\/#breadcrumb","itemListElement":[{"@type":"ListItem","position":1,"name":"Accueil","item":"https:\/\/wnm.be\/fr\/"},{"@type":"ListItem","position":2,"name":"Prestation","item":"https:\/\/wnm.be\/fr\/prestation\/"},{"@type":"ListItem","position":3,"name":"T\u00e9l\u00e9vision"}]},{"@type":"WebSite","@id":"https:\/\/wnm.be\/fr\/#website","url":"https:\/\/wnm.be\/fr\/","name":"WNM","description":"","potentialAction":[{"@type":"SearchAction","target":{"@type":"EntryPoint","urlTemplate":"https:\/\/wnm.be\/fr\/?s={search_term_string}"},"query-input":{"@type":"PropertyValueSpecification","valueRequired":true,"valueName":"search_term_string"}}],"inLanguage":"fr-FR"}]}},"_links":{"self":[{"href":"https:\/\/wnm.be\/fr\/wp-json\/wp\/v2\/pages\/45","targetHints":{"allow":["GET"]}}],"collection":[{"href":"https:\/\/wnm.be\/fr\/wp-json\/wp\/v2\/pages"}],"about":[{"href":"https:\/\/wnm.be\/fr\/wp-json\/wp\/v2\/types\/page"}],"author":[{"embeddable":true,"href":"https:\/\/wnm.be\/fr\/wp-json\/wp\/v2\/users\/1"}],"replies":[{"embeddable":true,"href":"https:\/\/wnm.be\/fr\/wp-json\/wp\/v2\/comments?post=45"}],"version-history":[{"count":10,"href":"https:\/\/wnm.be\/fr\/wp-json\/wp\/v2\/pages\/45\/revisions"}],"predecessor-version":[{"id":1810,"href":"https:\/\/wnm.be\/fr\/wp-json\/wp\/v2\/pages\/45\/revisions\/1810"}],"up":[{"embeddable":true,"href":"https:\/\/wnm.be\/fr\/wp-json\/wp\/v2\/pages\/43"}],"wp:featuredmedia":[{"embeddable":true,"href":"https:\/\/wnm.be\/fr\/wp-json\/wp\/v2\/media\/1463"}],"wp:attachment":[{"href":"https:\/\/wnm.be\/fr\/wp-json\/wp\/v2\/media?parent=45"}],"curies":[{"name":"wp","href":"https:\/\/api.w.org\/{rel}","templated":true}]}}