{"id":43,"date":"2017-04-20T10:38:47","date_gmt":"2017-04-20T08:38:47","guid":{"rendered":"http:\/\/new.wnm.be\/?page_id=43"},"modified":"2017-10-04T12:18:29","modified_gmt":"2017-10-04T10:18:29","slug":"prestation","status":"publish","type":"page","link":"https:\/\/wnm.be\/fr\/prestation\/","title":{"rendered":"Prestation"},"content":{"rendered":"<p>WNM met \u00e0 votre disposition une \u00e9quipe de preneurs de son qualifi\u00e9s et exp\u00e9riment\u00e9s \u00e0 votre service pour tous types de prestation.<\/p>\n<p>Nous fournissons un service complet et g\u00e9rons <strong>la logistique<\/strong> du mat\u00e9riel ainsi que <strong>du personnel<\/strong> qui l\u2019exploite.<\/p>\n<p style=\"padding-left: 90px;\">WNM r\u00e9pond\u00a0\u00e0 l\u2019enti\u00e8ret\u00e9 de vos besoins dans divers domaines comme par exemple: la <a href=\"\/?page_id=45\">TV<\/a>, la <a href=\"\/?page_id=47\">radio<\/a>, l&rsquo;<a href=\"\/?page_id=49\">\u00e9v\u00e9nementiel<\/a>, &#8230;.<\/p>\n<p>&nbsp;<\/p>\n<p>&nbsp;<\/p>\n<p>&nbsp;<\/p>\n<p>&nbsp;<\/p>\n","protected":false},"excerpt":{"rendered":"<p>WNM met \u00e0 votre disposition une \u00e9quipe de preneurs de son qualifi\u00e9s et exp\u00e9riment\u00e9s \u00e0 votre service pour tous types de prestation. Nous fournissons un service complet et g\u00e9rons la logistique du mat\u00e9riel ainsi que du personnel qui l\u2019exploite. WNM r\u00e9pond\u00a0\u00e0 l\u2019enti\u00e8ret\u00e9 de vos besoins dans divers domaines comme par exemple: la TV, la radio, [&hellip;]<\/p>\n","protected":false},"author":1,"featured_media":0,"parent":0,"menu_order":6,"comment_status":"closed","ping_status":"closed","template":"page_services.php","meta":{"_acf_changed":false,"footnotes":""},"class_list":["post-43","page","type-page","status-publish","hentry"],"acf":[],"yoast_head":"<!-- This site is optimized with the Yoast SEO plugin v26.7 - https:\/\/yoast.com\/wordpress\/plugins\/seo\/ -->\n<title>Prestation - WNM<\/title>\n<meta name=\"robots\" content=\"index, follow, max-snippet:-1, max-image-preview:large, max-video-preview:-1\" \/>\n<link rel=\"canonical\" href=\"https:\/\/wnm.be\/fr\/prestation\/\" \/>\n<meta property=\"og:locale\" content=\"fr_FR\" \/>\n<meta property=\"og:type\" content=\"article\" \/>\n<meta property=\"og:title\" content=\"Prestation - WNM\" \/>\n<meta property=\"og:description\" content=\"WNM met \u00e0 votre disposition une \u00e9quipe de preneurs de son qualifi\u00e9s et exp\u00e9riment\u00e9s \u00e0 votre service pour tous types de prestation. Nous fournissons un service complet et g\u00e9rons la logistique du mat\u00e9riel ainsi que du personnel qui l\u2019exploite. WNM r\u00e9pond\u00a0\u00e0 l\u2019enti\u00e8ret\u00e9 de vos besoins dans divers domaines comme par exemple: la TV, la radio, [&hellip;]\" \/>\n<meta property=\"og:url\" content=\"https:\/\/wnm.be\/fr\/prestation\/\" \/>\n<meta property=\"og:site_name\" content=\"WNM\" \/>\n<meta property=\"article:modified_time\" content=\"2017-10-04T10:18:29+00:00\" \/>\n<meta name=\"twitter:card\" content=\"summary_large_image\" \/>\n<script type=\"application\/ld+json\" class=\"yoast-schema-graph\">{\"@context\":\"https:\/\/schema.org\",\"@graph\":[{\"@type\":\"WebPage\",\"@id\":\"https:\/\/wnm.be\/fr\/prestation\/\",\"url\":\"https:\/\/wnm.be\/fr\/prestation\/\",\"name\":\"Prestation - WNM\",\"isPartOf\":{\"@id\":\"https:\/\/wnm.be\/fr\/#website\"},\"datePublished\":\"2017-04-20T08:38:47+00:00\",\"dateModified\":\"2017-10-04T10:18:29+00:00\",\"breadcrumb\":{\"@id\":\"https:\/\/wnm.be\/fr\/prestation\/#breadcrumb\"},\"inLanguage\":\"fr-FR\",\"potentialAction\":[{\"@type\":\"ReadAction\",\"target\":[\"https:\/\/wnm.be\/fr\/prestation\/\"]}]},{\"@type\":\"BreadcrumbList\",\"@id\":\"https:\/\/wnm.be\/fr\/prestation\/#breadcrumb\",\"itemListElement\":[{\"@type\":\"ListItem\",\"position\":1,\"name\":\"Accueil\",\"item\":\"https:\/\/wnm.be\/fr\/\"},{\"@type\":\"ListItem\",\"position\":2,\"name\":\"Prestation\"}]},{\"@type\":\"WebSite\",\"@id\":\"https:\/\/wnm.be\/fr\/#website\",\"url\":\"https:\/\/wnm.be\/fr\/\",\"name\":\"WNM\",\"description\":\"\",\"potentialAction\":[{\"@type\":\"SearchAction\",\"target\":{\"@type\":\"EntryPoint\",\"urlTemplate\":\"https:\/\/wnm.be\/fr\/?s={search_term_string}\"},\"query-input\":{\"@type\":\"PropertyValueSpecification\",\"valueRequired\":true,\"valueName\":\"search_term_string\"}}],\"inLanguage\":\"fr-FR\"}]}<\/script>\n<!-- \/ Yoast SEO plugin. -->","yoast_head_json":{"title":"Prestation - WNM","robots":{"index":"index","follow":"follow","max-snippet":"max-snippet:-1","max-image-preview":"max-image-preview:large","max-video-preview":"max-video-preview:-1"},"canonical":"https:\/\/wnm.be\/fr\/prestation\/","og_locale":"fr_FR","og_type":"article","og_title":"Prestation - WNM","og_description":"WNM met \u00e0 votre disposition une \u00e9quipe de preneurs de son qualifi\u00e9s et exp\u00e9riment\u00e9s \u00e0 votre service pour tous types de prestation. Nous fournissons un service complet et g\u00e9rons la logistique du mat\u00e9riel ainsi que du personnel qui l\u2019exploite. WNM r\u00e9pond\u00a0\u00e0 l\u2019enti\u00e8ret\u00e9 de vos besoins dans divers domaines comme par exemple: la TV, la radio, [&hellip;]","og_url":"https:\/\/wnm.be\/fr\/prestation\/","og_site_name":"WNM","article_modified_time":"2017-10-04T10:18:29+00:00","twitter_card":"summary_large_image","schema":{"@context":"https:\/\/schema.org","@graph":[{"@type":"WebPage","@id":"https:\/\/wnm.be\/fr\/prestation\/","url":"https:\/\/wnm.be\/fr\/prestation\/","name":"Prestation - WNM","isPartOf":{"@id":"https:\/\/wnm.be\/fr\/#website"},"datePublished":"2017-04-20T08:38:47+00:00","dateModified":"2017-10-04T10:18:29+00:00","breadcrumb":{"@id":"https:\/\/wnm.be\/fr\/prestation\/#breadcrumb"},"inLanguage":"fr-FR","potentialAction":[{"@type":"ReadAction","target":["https:\/\/wnm.be\/fr\/prestation\/"]}]},{"@type":"BreadcrumbList","@id":"https:\/\/wnm.be\/fr\/prestation\/#breadcrumb","itemListElement":[{"@type":"ListItem","position":1,"name":"Accueil","item":"https:\/\/wnm.be\/fr\/"},{"@type":"ListItem","position":2,"name":"Prestation"}]},{"@type":"WebSite","@id":"https:\/\/wnm.be\/fr\/#website","url":"https:\/\/wnm.be\/fr\/","name":"WNM","description":"","potentialAction":[{"@type":"SearchAction","target":{"@type":"EntryPoint","urlTemplate":"https:\/\/wnm.be\/fr\/?s={search_term_string}"},"query-input":{"@type":"PropertyValueSpecification","valueRequired":true,"valueName":"search_term_string"}}],"inLanguage":"fr-FR"}]}},"_links":{"self":[{"href":"https:\/\/wnm.be\/fr\/wp-json\/wp\/v2\/pages\/43","targetHints":{"allow":["GET"]}}],"collection":[{"href":"https:\/\/wnm.be\/fr\/wp-json\/wp\/v2\/pages"}],"about":[{"href":"https:\/\/wnm.be\/fr\/wp-json\/wp\/v2\/types\/page"}],"author":[{"embeddable":true,"href":"https:\/\/wnm.be\/fr\/wp-json\/wp\/v2\/users\/1"}],"replies":[{"embeddable":true,"href":"https:\/\/wnm.be\/fr\/wp-json\/wp\/v2\/comments?post=43"}],"version-history":[{"count":14,"href":"https:\/\/wnm.be\/fr\/wp-json\/wp\/v2\/pages\/43\/revisions"}],"predecessor-version":[{"id":1899,"href":"https:\/\/wnm.be\/fr\/wp-json\/wp\/v2\/pages\/43\/revisions\/1899"}],"wp:attachment":[{"href":"https:\/\/wnm.be\/fr\/wp-json\/wp\/v2\/media?parent=43"}],"curies":[{"name":"wp","href":"https:\/\/api.w.org\/{rel}","templated":true}]}}