{"id":12,"date":"2017-04-19T16:51:43","date_gmt":"2017-04-19T14:51:43","guid":{"rendered":"http:\/\/new.wnm.be\/?page_id=12"},"modified":"2018-10-23T12:32:30","modified_gmt":"2018-10-23T10:32:30","slug":"presentation","status":"publish","type":"page","link":"https:\/\/wnm.be\/fr\/presentation\/","title":{"rendered":"Pr\u00e9sentation"},"content":{"rendered":"<p>&nbsp;<\/p>\n<div class=\"row\">\n<div class=\"col-md-6\">\n<p>WNM est une entreprise implant\u00e9e en Belgique.<\/p>\n<p>WNM met \u00e0 votre service 20 ann\u00e9es d\u2019exp\u00e9rience en vous proposant des <strong>facilit\u00e9s audiovisuelles broadcast<\/strong>.<\/p>\n<p>Sp\u00e9cialis\u00e9e dans la <strong>prise de son TV<\/strong> pour des captations multicam\u00e9ras ainsi qu&rsquo;ENG, dans les syst\u00e8mes d&rsquo;interphonie, dans les syst\u00e8mes de transmission HF analogiques et num\u00e9riques, elle poss\u00e8de un grand parc mat\u00e9riel de tr\u00e8s haut niveau technologique.<\/p>\n<p>Elle offre des services en <strong>consultance et prestations<\/strong> pour de grands \u00e9v\u00e9nements comme par exemple la coupe du monde de football ou les jeux Olympiques.<\/p>\n<p>Elle s&rsquo;occupe \u00e9galement de l&rsquo;<strong>ing\u00e9nierie<\/strong> de studios radio et TV tant au niveau \u00e9lectronique que pour le traitement acoustique des b\u00e2timents.<\/p>\n<p>Enfin, elle dispense des <strong>formations<\/strong> \u00e0 l&rsquo;attention des prestataires audiovisuels, des cha\u00eenes de t\u00e9l\u00e9vision et des soci\u00e9t\u00e9s de production notamment.<br \/>\nUne \u00e9quipe performante, pluridisciplinaire, disponible, soud\u00e9e assure un service de qualit\u00e9 lors de prestations audiovisuelles vari\u00e9es.<\/p>\n<p>WNM est la solution pour vos besoins en <strong>moyens techniques et humains<\/strong> :<\/p>\n<ul>\n<li>Prise de son en multicam\u00e9ras d\u2019\u00e9v\u00e9nements sportifs, show TV, concerts,\u2026<\/li>\n<li>ENG<\/li>\n<li>Syst\u00e8mes d\u2019interphonie (analogique, num\u00e9rique, HF,\u2026)<\/li>\n<li>Liaisons HF de longue port\u00e9e \/ Transmissions HF<\/li>\n<li>Transport de signaux sur fibre ou sur IP<\/li>\n<\/ul>\n<\/div>\n<div class=\"col-md-6\">\n<p><iframe loading=\"lazy\" title=\"WNM activities - 2018 overview !\" src=\"https:\/\/player.vimeo.com\/video\/296607384?dnt=1&amp;app_id=122963\" width=\"640\" height=\"360\" frameborder=\"0\" allow=\"autoplay; fullscreen; picture-in-picture; clipboard-write\"><\/iframe><\/p>\n<\/div>\n<\/div>\n","protected":false},"excerpt":{"rendered":"<p>&nbsp;<\/p>\n","protected":false},"author":1,"featured_media":0,"parent":0,"menu_order":11,"comment_status":"closed","ping_status":"closed","template":"","meta":{"_acf_changed":false,"footnotes":""},"class_list":["post-12","page","type-page","status-publish","hentry"],"acf":[],"yoast_head":"<!-- This site is optimized with the Yoast SEO plugin v26.7 - https:\/\/yoast.com\/wordpress\/plugins\/seo\/ -->\n<title>Pr\u00e9sentation - WNM<\/title>\n<meta name=\"robots\" content=\"index, follow, max-snippet:-1, max-image-preview:large, max-video-preview:-1\" \/>\n<link rel=\"canonical\" href=\"https:\/\/wnm.be\/fr\/presentation\/\" \/>\n<meta property=\"og:locale\" content=\"fr_FR\" \/>\n<meta property=\"og:type\" content=\"article\" \/>\n<meta property=\"og:title\" content=\"Pr\u00e9sentation - WNM\" \/>\n<meta property=\"og:description\" content=\"&nbsp;\" \/>\n<meta property=\"og:url\" content=\"https:\/\/wnm.be\/fr\/presentation\/\" \/>\n<meta property=\"og:site_name\" content=\"WNM\" \/>\n<meta property=\"article:modified_time\" content=\"2018-10-23T10:32:30+00:00\" \/>\n<meta name=\"twitter:card\" content=\"summary_large_image\" \/>\n<meta name=\"twitter:label1\" content=\"Dur\u00e9e de lecture estim\u00e9e\" \/>\n\t<meta name=\"twitter:data1\" content=\"1 minute\" \/>\n<script type=\"application\/ld+json\" class=\"yoast-schema-graph\">{\"@context\":\"https:\/\/schema.org\",\"@graph\":[{\"@type\":\"WebPage\",\"@id\":\"https:\/\/wnm.be\/fr\/presentation\/\",\"url\":\"https:\/\/wnm.be\/fr\/presentation\/\",\"name\":\"Pr\u00e9sentation - WNM\",\"isPartOf\":{\"@id\":\"https:\/\/wnm.be\/fr\/#website\"},\"datePublished\":\"2017-04-19T14:51:43+00:00\",\"dateModified\":\"2018-10-23T10:32:30+00:00\",\"breadcrumb\":{\"@id\":\"https:\/\/wnm.be\/fr\/presentation\/#breadcrumb\"},\"inLanguage\":\"fr-FR\",\"potentialAction\":[{\"@type\":\"ReadAction\",\"target\":[\"https:\/\/wnm.be\/fr\/presentation\/\"]}]},{\"@type\":\"BreadcrumbList\",\"@id\":\"https:\/\/wnm.be\/fr\/presentation\/#breadcrumb\",\"itemListElement\":[{\"@type\":\"ListItem\",\"position\":1,\"name\":\"Accueil\",\"item\":\"https:\/\/wnm.be\/fr\/\"},{\"@type\":\"ListItem\",\"position\":2,\"name\":\"Pr\u00e9sentation\"}]},{\"@type\":\"WebSite\",\"@id\":\"https:\/\/wnm.be\/fr\/#website\",\"url\":\"https:\/\/wnm.be\/fr\/\",\"name\":\"WNM\",\"description\":\"\",\"potentialAction\":[{\"@type\":\"SearchAction\",\"target\":{\"@type\":\"EntryPoint\",\"urlTemplate\":\"https:\/\/wnm.be\/fr\/?s={search_term_string}\"},\"query-input\":{\"@type\":\"PropertyValueSpecification\",\"valueRequired\":true,\"valueName\":\"search_term_string\"}}],\"inLanguage\":\"fr-FR\"}]}<\/script>\n<!-- \/ Yoast SEO plugin. -->","yoast_head_json":{"title":"Pr\u00e9sentation - WNM","robots":{"index":"index","follow":"follow","max-snippet":"max-snippet:-1","max-image-preview":"max-image-preview:large","max-video-preview":"max-video-preview:-1"},"canonical":"https:\/\/wnm.be\/fr\/presentation\/","og_locale":"fr_FR","og_type":"article","og_title":"Pr\u00e9sentation - WNM","og_description":"&nbsp;","og_url":"https:\/\/wnm.be\/fr\/presentation\/","og_site_name":"WNM","article_modified_time":"2018-10-23T10:32:30+00:00","twitter_card":"summary_large_image","twitter_misc":{"Dur\u00e9e de lecture estim\u00e9e":"1 minute"},"schema":{"@context":"https:\/\/schema.org","@graph":[{"@type":"WebPage","@id":"https:\/\/wnm.be\/fr\/presentation\/","url":"https:\/\/wnm.be\/fr\/presentation\/","name":"Pr\u00e9sentation - WNM","isPartOf":{"@id":"https:\/\/wnm.be\/fr\/#website"},"datePublished":"2017-04-19T14:51:43+00:00","dateModified":"2018-10-23T10:32:30+00:00","breadcrumb":{"@id":"https:\/\/wnm.be\/fr\/presentation\/#breadcrumb"},"inLanguage":"fr-FR","potentialAction":[{"@type":"ReadAction","target":["https:\/\/wnm.be\/fr\/presentation\/"]}]},{"@type":"BreadcrumbList","@id":"https:\/\/wnm.be\/fr\/presentation\/#breadcrumb","itemListElement":[{"@type":"ListItem","position":1,"name":"Accueil","item":"https:\/\/wnm.be\/fr\/"},{"@type":"ListItem","position":2,"name":"Pr\u00e9sentation"}]},{"@type":"WebSite","@id":"https:\/\/wnm.be\/fr\/#website","url":"https:\/\/wnm.be\/fr\/","name":"WNM","description":"","potentialAction":[{"@type":"SearchAction","target":{"@type":"EntryPoint","urlTemplate":"https:\/\/wnm.be\/fr\/?s={search_term_string}"},"query-input":{"@type":"PropertyValueSpecification","valueRequired":true,"valueName":"search_term_string"}}],"inLanguage":"fr-FR"}]}},"_links":{"self":[{"href":"https:\/\/wnm.be\/fr\/wp-json\/wp\/v2\/pages\/12","targetHints":{"allow":["GET"]}}],"collection":[{"href":"https:\/\/wnm.be\/fr\/wp-json\/wp\/v2\/pages"}],"about":[{"href":"https:\/\/wnm.be\/fr\/wp-json\/wp\/v2\/types\/page"}],"author":[{"embeddable":true,"href":"https:\/\/wnm.be\/fr\/wp-json\/wp\/v2\/users\/1"}],"replies":[{"embeddable":true,"href":"https:\/\/wnm.be\/fr\/wp-json\/wp\/v2\/comments?post=12"}],"version-history":[{"count":27,"href":"https:\/\/wnm.be\/fr\/wp-json\/wp\/v2\/pages\/12\/revisions"}],"predecessor-version":[{"id":2030,"href":"https:\/\/wnm.be\/fr\/wp-json\/wp\/v2\/pages\/12\/revisions\/2030"}],"wp:attachment":[{"href":"https:\/\/wnm.be\/fr\/wp-json\/wp\/v2\/media?parent=12"}],"curies":[{"name":"wp","href":"https:\/\/api.w.org\/{rel}","templated":true}]}}